{"id":280,"date":"2016-08-27T21:15:03","date_gmt":"2016-08-27T19:15:03","guid":{"rendered":"http:\/\/hostel-baj.pl\/lokalizacja-2\/"},"modified":"2017-09-15T12:00:40","modified_gmt":"2017-09-15T10:00:40","slug":"lokalizacja","status":"publish","type":"page","link":"https:\/\/hostel-baj.pl\/de\/lokalizacja\/","title":{"rendered":"Lage"},"content":{"rendered":"<p><div class=\"fusion-fullwidth fullwidth-box fusion-builder-row-1 hundred-percent-fullwidth non-hundred-percent-height-scrolling\" style=\"background-color: rgba(255,255,255,0);background-position: center center;background-repeat: no-repeat;padding-top:0px;padding-right:0px;padding-bottom:0px;padding-left:0px;margin-bottom: 0px;margin-top: 0px;border-width: 0px 0px 0px 0px;border-color:#eae9e9;border-style:solid;\" ><div class=\"fusion-builder-row fusion-row\"><div class=\"fusion-layout-column fusion_builder_column fusion-builder-column-0 fusion_builder_column_1_1 1_1 fusion-one-full fusion-column-first fusion-column-last\" style=\"margin-top:0px;margin-bottom:20px;\"><div class=\"fusion-column-wrapper fusion-flex-column-wrapper-legacy\" style=\"background-position:left top;background-repeat:no-repeat;-webkit-background-size:cover;-moz-background-size:cover;-o-background-size:cover;background-size:cover;padding: 0px 0px 0px 0px;\"><style type=\"text\/css\"><\/style><div class=\"fusion-title title fusion-title-1 fusion-sep-none fusion-title-text fusion-title-size-two\" style=\"margin-top:24px;margin-bottom:16px;\"><h2 class=\"title-heading-left\" style=\"margin:0;\">Was ist in der N<span lang=\"de\">\u00e4he?<\/span><\/p><\/h2><\/div><div class=\"fusion-text fusion-text-1\"><p>Hostel Baj In Posen ist neu ge\u00f6fnette \u00dcbernachtungsplatz, der sich In eine gute Lage befindet. Umher unserer Siedlung befindet sich der gro\u00dfte Gr\u00fcnfl\u00e4che . Wir haben gute Bus Verbindungen, zwei Buslinien die alle Minuten laufen. Wir sind In der N\u00e4he von Universit\u00e4ten. Freuen kann auch die Tatsache, dass wir nicht weit zu Lech Posen Inea Stadion haben. Internationale Messe Posen ist auch nich weit weg. In der N\u00e4he ist auch Arena Sporthale, wo sich verschidene Sportwettbewerbe und Konzerten stattfinden. Auf der Posen Rennbahn k\u00f6nnen Sie Drift Wettbewerb zuschauen. Das alles und noch viel mehr befindet sich im Ungebung von Unserem g\u00fcnstigen aber guten Hostel. Au\u00dferdem in der N\u00e4he ist Supermarkt, bewachte Parkplatz wo Sie das Auto lassen k\u00f6nnen, wenn Sie irgendwo\u00a0weg Flieger wollen. Aphoteke, Post, Blumenladen, Cafe oder gro\u00dfe Einkaufzentrum \u2013 das alles gleich um die Ecke.<\/p>\n<\/div><div class=\"fusion-sep-clear\"><\/div><div class=\"fusion-separator fusion-has-icon fusion-full-width-sep\" style=\"margin-left: auto;margin-right: auto;margin-top:30px;margin-bottom:30px;width:100%;\"><div class=\"fusion-separator-border sep-single sep-solid\" style=\"border-color:#e0dede;border-top-width:1px;\"><\/div><span class=\"icon-wrapper\" style=\"border-color:#e0dede;background-color:rgba(255,255,255,0);font-size:14px;width: 1.75em; height: 1.75em;border-width:1px;padding:1px;margin-top:-0.5px\"><i class=\" fa fa-map-marker\" style=\"font-size: inherit;color:#e0dede;\" aria-hidden=\"true\"><\/i><\/span><div class=\"fusion-separator-border sep-single sep-solid\" style=\"border-color:#e0dede;border-top-width:1px;\"><\/div><\/div><div class=\"fusion-sep-clear\"><\/div><div class=\"fusion-clearfix\"><\/div><\/div><\/div><\/div><style type=\"text\/css\">.fusion-fullwidth.fusion-builder-row-1 { overflow:visible; }<\/style><\/div><div class=\"fusion-fullwidth fullwidth-box fusion-builder-row-2 nonhundred-percent-fullwidth non-hundred-percent-height-scrolling\" style=\"background-color: rgba(255,255,255,0);background-position: left top;background-repeat: no-repeat;padding-top:20px;padding-right:0px;padding-bottom:20px;padding-left:0px;margin-bottom: 0px;margin-top: 0px;border-width: 0px 0px 0px 0px;border-color:#eae9e9;border-style:solid;\" ><div class=\"fusion-builder-row fusion-row\"><div class=\"fusion-layout-column fusion_builder_column fusion-builder-column-1 fusion_builder_column_1_2 1_2 fusion-one-half fusion-column-first\" style=\"width:48%; margin-right: 4%;margin-top:0px;margin-bottom:20px;\"><div class=\"fusion-column-wrapper fusion-flex-column-wrapper-legacy\" style=\"background-position:left top;background-repeat:no-repeat;-webkit-background-size:cover;-moz-background-size:cover;-o-background-size:cover;background-size:cover;padding: 0px 0px 0px 0px;\">\t\t\t\t\t<script type=\"text\/javascript\">\n\t\t\t\t\t\tvar map_fusion_map_6a058491235c3;\n\t\t\t\t\t\tvar markers = [];\n\t\t\t\t\t\tvar counter = 0;\n\t\t\t\t\t\t\t\t\t\t\t\t\t\t\t\t\t\t\t\tvar fusionMapNonce = '44f407f2a4';\n\t\t\t\t\t\t\t\t\t\t\t\tfunction fusion_run_map_fusion_map_6a058491235c3() {\n\t\t\t\t\t\t\tjQuery('#fusion_map_6a058491235c3').fusion_maps({\n\t\t\t\t\t\t\t\taddresses: [{\"address\":\"Wieczorynki 63, 60-193 Pozna\\u0144, Polska\",\"infobox_content\":\"Wieczorynki 63, 60-193 Pozna\\u0144, Polska\",\"coordinates\":false,\"cache\":true,\"latitude\":\"52.408858\",\"longitude\":\"16.840964499999927\"}],\n\t\t\t\t\t\t\t\tanimations: true,\n\t\t\t\t\t\t\t\tinfobox_background_color: '',\n\t\t\t\t\t\t\t\tinfobox_styling: 'default',\n\t\t\t\t\t\t\t\tinfobox_text_color: '',\n\t\t\t\t\t\t\t\tmap_style: 'default',\n\t\t\t\t\t\t\t\tmap_type: 'roadmap',\n\t\t\t\t\t\t\t\tmarker_icon: '',\n\t\t\t\t\t\t\t\toverlay_color: '',\n\t\t\t\t\t\t\t\toverlay_color_hsl: {\"hue\":0,\"sat\":0,\"lum\":100},\n\t\t\t\t\t\t\t\tpan_control: true,\n\t\t\t\t\t\t\t\tshow_address: true,\n\t\t\t\t\t\t\t\tscale_control: true,\n\t\t\t\t\t\t\t\tscrollwheel: false,\n\t\t\t\t\t\t\t\tzoom: 14,\n\t\t\t\t\t\t\t\tzoom_control: true,\n\t\t\t\t\t\t\t});\n\t\t\t\t\t\t}\n\n\t\t\t\t\t\tgoogle.maps.event.addDomListener(window, 'load', fusion_run_map_fusion_map_6a058491235c3);\n\t\t\t\t\t<\/script>\n\t\t\t\t\t<div class=\"shortcode-map fusion-google-map fusion-maps-js-type\" id=\"fusion_map_6a058491235c3\" style=\"height:300px;width:100%;\"><\/div><div class=\"fusion-clearfix\"><\/div><\/div><\/div><div class=\"fusion-layout-column fusion_builder_column fusion-builder-column-2 fusion_builder_column_1_2 1_2 fusion-one-half fusion-column-last\" style=\"width:48%;margin-top:0px;margin-bottom:20px;\"><div class=\"fusion-column-wrapper fusion-flex-column-wrapper-legacy\" style=\"background-position:left top;background-repeat:no-repeat;-webkit-background-size:cover;-moz-background-size:cover;-o-background-size:cover;background-size:cover;padding: 0px 0px 0px 0px;\"><ul class=\"fusion-checklist fusion-checklist-1\" style=\"font-size:13px;line-height:22.1px;\"><li class=\"fusion-li-item\"><span style=\"background-color:#f06523;font-size:11.44px;height:22.1px;width:22.1px;margin-right:9.1px;\" class=\"icon-wrapper circle-yes\"><i class=\"fusion-li-icon fa fa-map-marker\" style=\"color:#ffffff;\" aria-hidden=\"true\"><\/i><\/span><div class=\"fusion-li-item-content\" style=\"margin-left:31.2px;\"><strong>\u0141awica Flughafen<\/strong>-1,2 km ; 15 Min zu Fu\u00df<b> , <\/b>3 Min mit dem Auto<\/div><\/li><li class=\"fusion-li-item\"><span style=\"background-color:#f06523;font-size:11.44px;height:22.1px;width:22.1px;margin-right:9.1px;\" class=\"icon-wrapper circle-yes\"><i class=\"fusion-li-icon fa fa-map-marker\" style=\"color:#ffffff;\" aria-hidden=\"true\"><\/i><\/span><div class=\"fusion-li-item-content\" style=\"margin-left:31.2px;\"><strong>Bahnhof<\/strong>&#8211; 5,7km ;15-20 Min mit dem Bus, 15 Min mit dem Auto<\/div><\/li><li class=\"fusion-li-item\"><span style=\"background-color:#f06523;font-size:11.44px;height:22.1px;width:22.1px;margin-right:9.1px;\" class=\"icon-wrapper circle-yes\"><i class=\"fusion-li-icon fa fa-map-marker\" style=\"color:#ffffff;\" aria-hidden=\"true\"><\/i><\/span><div class=\"fusion-li-item-content\" style=\"margin-left:31.2px;\"><strong>Posen Zentrum<\/strong>&#8211; 6km ; 25 Min mit dem Bus,20 Min mit dem Auto.<\/div><\/li><li class=\"fusion-li-item\"><span style=\"background-color:#f06523;font-size:11.44px;height:22.1px;width:22.1px;margin-right:9.1px;\" class=\"icon-wrapper circle-yes\"><i class=\"fusion-li-icon fa fa-map-marker\" style=\"color:#ffffff;\" aria-hidden=\"true\"><\/i><\/span><div class=\"fusion-li-item-content\" style=\"margin-left:31.2px;\"><strong>Inea Posen Stadion<\/strong>-2,3 km; 25 Min zu Fu\u00df, 5 Min mit dem Auto.<\/div><\/li><li class=\"fusion-li-item\"><span style=\"background-color:#f06523;font-size:11.44px;height:22.1px;width:22.1px;margin-right:9.1px;\" class=\"icon-wrapper circle-yes\"><i class=\"fusion-li-icon fa fa-map-marker\" style=\"color:#ffffff;\" aria-hidden=\"true\"><\/i><\/span><div class=\"fusion-li-item-content\" style=\"margin-left:31.2px;\"><strong>Arena Sporthale<\/strong>-4,3km ; 15 Min mit dem Auto.<\/div><\/li><li class=\"fusion-li-item\"><span style=\"background-color:#f06523;font-size:11.44px;height:22.1px;width:22.1px;margin-right:9.1px;\" class=\"icon-wrapper circle-yes\"><i class=\"fusion-li-icon fa fa-map-marker\" style=\"color:#ffffff;\" aria-hidden=\"true\"><\/i><\/span><div class=\"fusion-li-item-content\" style=\"margin-left:31.2px;\"><strong>W\u00e4ldschien Marceli\u0144ski<\/strong>-350m ; 3 Min zu Fu\u00df. Einkaufzentrum<\/div><\/li><li class=\"fusion-li-item\"><span style=\"background-color:#f06523;font-size:11.44px;height:22.1px;width:22.1px;margin-right:9.1px;\" class=\"icon-wrapper circle-yes\"><i class=\"fusion-li-icon fa fa-map-marker\" style=\"color:#ffffff;\" aria-hidden=\"true\"><\/i><\/span><div class=\"fusion-li-item-content\" style=\"margin-left:31.2px;\"><strong>G.H King Cross Marcelin<\/strong>-1,7km; 20 Min zu Fu\u00df, 3 Min mit dem Auto.<\/div><\/li><li class=\"fusion-li-item\"><span style=\"background-color:#f06523;font-size:11.44px;height:22.1px;width:22.1px;margin-right:9.1px;\" class=\"icon-wrapper circle-yes\"><i class=\"fusion-li-icon fa fa-map-marker\" style=\"color:#ffffff;\" aria-hidden=\"true\"><\/i><\/span><div class=\"fusion-li-item-content\" style=\"margin-left:31.2px;\"><strong>Rennbahn Posen<\/strong>-4,7 km; 10 Min mit dem Auto,<\/p>\n<\/div><\/li><li class=\"fusion-li-item\"><span style=\"background-color:#f06523;font-size:11.44px;height:22.1px;width:22.1px;margin-right:9.1px;\" class=\"icon-wrapper circle-yes\"><i class=\"fusion-li-icon fa fa-map-marker\" style=\"color:#ffffff;\" aria-hidden=\"true\"><\/i><\/span><div class=\"fusion-li-item-content\" style=\"margin-left:31.2px;\"><strong>Eskulap<\/strong> \u2013\u00a0circa 8 Min mit dem Auto.<\/div><\/li><li class=\"fusion-li-item\"><span style=\"background-color:#f06523;font-size:11.44px;height:22.1px;width:22.1px;margin-right:9.1px;\" class=\"icon-wrapper circle-yes\"><i class=\"fusion-li-icon fa fa-map-marker\" style=\"color:#ffffff;\" aria-hidden=\"true\"><\/i><\/span><div class=\"fusion-li-item-content\" style=\"margin-left:31.2px;\">\n<pre class=\"tw-data-text tw-ta tw-text-medium\" dir=\"ltr\" data-placeholder=\"T\u0142umaczenie\" data-fulltext=\"\"><strong style=\"font-family: Georgia, 'Times New Roman', 'Bitstream Charter', Times, serif;\">Internationale Messe Poznan<\/strong><span style=\"font-family: Georgia, 'Times New Roman', 'Bitstream Charter', Times, serif;\">- 5,7 km \u00a012\u00a0Min mit dem Auto<\/span><\/pre>\n<pre id=\"tw-target-text\" class=\"tw-data-text tw-ta tw-text-medium\" dir=\"ltr\" data-placeholder=\"T\u0142umaczenie\" data-fulltext=\"\"><\/pre>\n<\/div><\/li><\/ul><div class=\"fusion-clearfix\"><\/div><\/div><\/div><\/div><\/div><div class=\"fusion-fullwidth fullwidth-box fusion-builder-row-3 hundred-percent-fullwidth non-hundred-percent-height-scrolling\" style=\"background-color: rgba(255,255,255,0);background-position: center center;background-repeat: no-repeat;padding-top:0px;padding-right:0px;padding-bottom:0px;padding-left:0px;margin-bottom: 30px;margin-top: 30px;border-width: 0px 0px 0px 0px;border-color:#eae9e9;border-style:solid;\" ><div class=\"fusion-builder-row fusion-row\"><div class=\"fusion-layout-column fusion_builder_column fusion-builder-column-3 fusion_builder_column_1_1 1_1 fusion-one-full fusion-column-first fusion-column-last fusion-column-no-min-height\" style=\"margin-top:0px;margin-bottom:0px;\"><div class=\"fusion-column-wrapper fusion-flex-column-wrapper-legacy\" style=\"background-position:left top;background-repeat:no-repeat;-webkit-background-size:cover;-moz-background-size:cover;-o-background-size:cover;background-size:cover;padding: 0px 0px 0px 0px;\"><div class=\"fusion-sep-clear\"><\/div><div class=\"fusion-separator fusion-has-icon fusion-full-width-sep\" style=\"margin-left: auto;margin-right: auto;width:100%;\"><div class=\"fusion-separator-border sep-single sep-solid\" style=\"border-color:#e0dede;border-top-width:1px;\"><\/div><span class=\"icon-wrapper\" style=\"border-color:#e0dede;background-color:rgba(255,255,255,0);font-size:14px;width: 1.75em; height: 1.75em;border-width:1px;padding:1px;margin-top:-0.5px\"><i class=\" fa fa-map-marker\" style=\"font-size: inherit;color:#e0dede;\" aria-hidden=\"true\"><\/i><\/span><div class=\"fusion-separator-border sep-single sep-solid\" style=\"border-color:#e0dede;border-top-width:1px;\"><\/div><\/div><div class=\"fusion-sep-clear\"><\/div><div class=\"fusion-clearfix\"><\/div><\/div><\/div><\/div><style type=\"text\/css\">.fusion-fullwidth.fusion-builder-row-3 { overflow:visible; }<\/style><\/div><div class=\"fusion-fullwidth fullwidth-box fusion-builder-row-4 nonhundred-percent-fullwidth non-hundred-percent-height-scrolling\" style=\"background-color: rgba(255,255,255,0);background-position: left top;background-repeat: no-repeat;padding-top:20px;padding-right:0px;padding-bottom:20px;padding-left:0px;margin-bottom: 0px;margin-top: 0px;border-width: 0px 0px 0px 0px;border-color:#eae9e9;border-style:solid;\" ><div class=\"fusion-builder-row fusion-row\"><div class=\"fusion-layout-column fusion_builder_column fusion-builder-column-4 fusion_builder_column_1_2 1_2 fusion-one-half fusion-column-first\" style=\"width:48%; margin-right: 4%;margin-top:0px;margin-bottom:20px;\"><div class=\"fusion-column-wrapper fusion-flex-column-wrapper-legacy\" style=\"background-position:left top;background-repeat:no-repeat;-webkit-background-size:cover;-moz-background-size:cover;-o-background-size:cover;background-size:cover;padding: 0px 0px 0px 0px;\"><style type=\"text\/css\"><\/style><div class=\"fusion-title title fusion-title-2 fusion-sep-none fusion-title-text fusion-title-size-two\" style=\"margin-top:24px;margin-bottom:16px;\"><h2 class=\"title-heading-left\" style=\"margin:0;\">Wie k\u00f6nnen Sie zu uns von Hauptbahnhof ankommen?<\/h2><\/div><div class=\"fusion-text fusion-text-2\"><p>Von Hauptbahnhof 900Meter zu Fu\u00df zu Kaponiera Kreisverkehr und dann mit Linie(Bus) 77 oder 48 circa 15-20 Min fahren. Steigen Sie an die Bushaltestelle Wieczorynki aus, der von uns 50 Meter entfernt ist.<\/p>\n<\/div><div class=\"fusion-clearfix\"><\/div><\/div><\/div><div class=\"fusion-layout-column fusion_builder_column fusion-builder-column-5 fusion_builder_column_1_2 1_2 fusion-one-half fusion-column-last\" style=\"width:48%;margin-top:0px;margin-bottom:20px;\"><div class=\"fusion-column-wrapper fusion-flex-column-wrapper-legacy\" style=\"background-position:left top;background-repeat:no-repeat;-webkit-background-size:cover;-moz-background-size:cover;-o-background-size:cover;background-size:cover;padding: 0px 0px 0px 0px;\"><style type=\"text\/css\"><\/style><div class=\"fusion-title title fusion-title-3 fusion-sep-none fusion-title-text fusion-title-size-two\" style=\"margin-top:24px;margin-bottom:16px;\"><h2 class=\"title-heading-left\" style=\"margin:0;\">Wie k\u00f6nnen Sie zu uns von Flughafen ankommen?<\/h2><\/div><div class=\"fusion-text fusion-text-3\"><p>Von Flughafen mit Linie (Bus) 48 fahren und am die Bushaltestelle Wieczorynki austeigen. Dann bleibt zu Unsere Hostel 5 Minuten zu Fu\u00df oder 3 Minuten mit dem Taxi \u2013 die nicht mehr als 8 zloty kostet.<\/p>\n<\/div><div class=\"fusion-clearfix\"><\/div><\/div><\/div><\/div><\/div><\/p>\n","protected":false},"excerpt":{"rendered":"","protected":false},"author":1,"featured_media":0,"parent":0,"menu_order":0,"comment_status":"closed","ping_status":"closed","template":"","meta":[],"yoast_head":"<!-- This site is optimized with the Yoast SEO plugin v15.5 - https:\/\/yoast.com\/wordpress\/plugins\/seo\/ -->\n<title>Lage - Hostel Baj<\/title>\n<meta name=\"robots\" content=\"index, follow, max-snippet:-1, max-image-preview:large, max-video-preview:-1\" \/>\n<link rel=\"canonical\" href=\"https:\/\/hostel-baj.pl\/de\/lokalizacja\/\" \/>\n<meta property=\"og:locale\" content=\"de_DE\" \/>\n<meta property=\"og:type\" content=\"article\" \/>\n<meta property=\"og:title\" content=\"Lage - Hostel Baj\" \/>\n<meta property=\"og:url\" content=\"https:\/\/hostel-baj.pl\/de\/lokalizacja\/\" \/>\n<meta property=\"og:site_name\" content=\"Hostel Baj\" \/>\n<meta property=\"article:publisher\" content=\"https:\/\/www.facebook.com\/noclegpoznan\/\" \/>\n<meta property=\"article:modified_time\" content=\"2017-09-15T10:00:40+00:00\" \/>\n<meta name=\"twitter:card\" content=\"summary\" \/>\n<meta name=\"twitter:label1\" content=\"Gesch\u00e4tzte Lesezeit\">\n\t<meta name=\"twitter:data1\" content=\"5\u00a0Minuten\">\n<script type=\"application\/ld+json\" class=\"yoast-schema-graph\">{\"@context\":\"https:\/\/schema.org\",\"@graph\":[{\"@type\":\"Organization\",\"@id\":\"https:\/\/hostel-baj.pl\/#organization\",\"name\":\"Hostel Baj\",\"url\":\"https:\/\/hostel-baj.pl\/\",\"sameAs\":[\"https:\/\/www.facebook.com\/noclegpoznan\/\"],\"logo\":{\"@type\":\"ImageObject\",\"@id\":\"https:\/\/hostel-baj.pl\/#logo\",\"inLanguage\":\"de\",\"url\":\"https:\/\/hostel-baj.pl\/wp-content\/uploads\/2016\/08\/HostelBaj_logo.png\",\"width\":282,\"height\":80,\"caption\":\"Hostel Baj\"},\"image\":{\"@id\":\"https:\/\/hostel-baj.pl\/#logo\"}},{\"@type\":\"WebSite\",\"@id\":\"https:\/\/hostel-baj.pl\/#website\",\"url\":\"https:\/\/hostel-baj.pl\/\",\"name\":\"Hostel Baj\",\"description\":\"Tani nocleg w Poznaniu\",\"publisher\":{\"@id\":\"https:\/\/hostel-baj.pl\/#organization\"},\"potentialAction\":[{\"@type\":\"SearchAction\",\"target\":\"https:\/\/hostel-baj.pl\/?s={search_term_string}\",\"query-input\":\"required name=search_term_string\"}],\"inLanguage\":\"de\"},{\"@type\":\"WebPage\",\"@id\":\"https:\/\/hostel-baj.pl\/de\/lokalizacja\/#webpage\",\"url\":\"https:\/\/hostel-baj.pl\/de\/lokalizacja\/\",\"name\":\"Lage - Hostel Baj\",\"isPartOf\":{\"@id\":\"https:\/\/hostel-baj.pl\/#website\"},\"datePublished\":\"2016-08-27T19:15:03+00:00\",\"dateModified\":\"2017-09-15T10:00:40+00:00\",\"inLanguage\":\"de\",\"potentialAction\":[{\"@type\":\"ReadAction\",\"target\":[\"https:\/\/hostel-baj.pl\/de\/lokalizacja\/\"]}]}]}<\/script>\n<!-- \/ Yoast SEO plugin. -->","_links":{"self":[{"href":"https:\/\/hostel-baj.pl\/de\/wp-json\/wp\/v2\/pages\/280"}],"collection":[{"href":"https:\/\/hostel-baj.pl\/de\/wp-json\/wp\/v2\/pages"}],"about":[{"href":"https:\/\/hostel-baj.pl\/de\/wp-json\/wp\/v2\/types\/page"}],"author":[{"embeddable":true,"href":"https:\/\/hostel-baj.pl\/de\/wp-json\/wp\/v2\/users\/1"}],"replies":[{"embeddable":true,"href":"https:\/\/hostel-baj.pl\/de\/wp-json\/wp\/v2\/comments?post=280"}],"version-history":[{"count":0,"href":"https:\/\/hostel-baj.pl\/de\/wp-json\/wp\/v2\/pages\/280\/revisions"}],"wp:attachment":[{"href":"https:\/\/hostel-baj.pl\/de\/wp-json\/wp\/v2\/media?parent=280"}],"curies":[{"name":"wp","href":"https:\/\/api.w.org\/{rel}","templated":true}]}}