{"id":281,"date":"2016-08-27T21:13:00","date_gmt":"2016-08-27T19:13:00","guid":{"rendered":"http:\/\/hostel-baj.pl\/przykladowa-strona-2\/"},"modified":"2017-09-15T12:00:42","modified_gmt":"2017-09-15T10:00:42","slug":"przykladowa-strona","status":"publish","type":"page","link":"https:\/\/hostel-baj.pl\/de\/","title":{"rendered":"\u00dcber uns"},"content":{"rendered":"<p><div class=\"fusion-fullwidth fullwidth-box fusion-builder-row-1 nonhundred-percent-fullwidth non-hundred-percent-height-scrolling\" style=\"background-color: rgba(255,255,255,0);background-position: left top;background-repeat: no-repeat;padding-top:20px;padding-right:0px;padding-bottom:20px;padding-left:0px;margin-bottom: 0px;margin-top: 0px;border-width: 0px 0px 0px 0px;border-color:#eae9e9;border-style:solid;\" ><div class=\"fusion-builder-row fusion-row\"><div class=\"fusion-layout-column fusion_builder_column fusion-builder-column-0 fusion_builder_column_1_1 1_1 fusion-one-full fusion-column-first fusion-column-last fusion-column-no-min-height\" style=\"margin-top:0px;margin-bottom:0px;\"><div class=\"fusion-column-wrapper fusion-flex-column-wrapper-legacy\" style=\"background-position:left top;background-repeat:no-repeat;-webkit-background-size:cover;-moz-background-size:cover;-o-background-size:cover;background-size:cover;padding: 0px 0px 0px 0px;\"><style type=\"text\/css\"><\/style><div class=\"fusion-title title fusion-title-1 fusion-sep-none fusion-title-text fusion-title-size-two\" style=\"margin-top:0px;margin-bottom:31px;\"><h2 class=\"title-heading-left\" style=\"margin:0;\">Dobry i tani hostel w Poznaniu<\/h2><\/div><div class=\"fusion-clearfix\"><\/div><\/div><\/div><div class=\"fusion-layout-column fusion_builder_column fusion-builder-column-1 fusion_builder_column_1_2 1_2 fusion-one-half fusion-column-first\" style=\"width:48%; margin-right: 4%;margin-top:0px;margin-bottom:20px;\"><div class=\"fusion-column-wrapper fusion-flex-column-wrapper-legacy\" style=\"background-position:left top;background-repeat:no-repeat;-webkit-background-size:cover;-moz-background-size:cover;-o-background-size:cover;background-size:cover;padding: 0px 0px 0px 0px;\"><div class=\"fusion-text fusion-text-1\"><p>Hostel Baj befindet sich am Bajkowe Siedlung zwischen \u0141awica Flughafen Lech Posen Inea Stadion. Das Haus bietet Ihnen 18 \u00dcbernachtungspl\u00e4tze. Wir besitzen private einzel und doppelzimmer aber auch 3-4-5-6 Bettzimmer, mit eine m\u00f6glichkeit nur ein Bett zu buchen . Wir besitzen attraktive Angebote f\u00fcr jedes Budget erh\u00e4ltlich.<\/p>\n<p>Mit unsere reiche Angebote sind wir imstande alle Bed\u00fcrfnisse unsere G\u00e4ste zu sichern. Von Gesch\u00e4ftsreisenden, Familien mit kleinen Kindern, Studenten bis zum Senioren mit Gruppen von In- und Ausland. Weil wir unsere Kunde Bed\u00fcrfnisse verstehen, schaffem wir eine h\u00e4usliche Atmosph\u00e4re.<\/p>\n<\/div><div class=\"fusion-clearfix\"><\/div><\/div><\/div><div class=\"fusion-layout-column fusion_builder_column fusion-builder-column-2 fusion_builder_column_1_2 1_2 fusion-one-half fusion-column-last\" style=\"width:48%;margin-top:0px;margin-bottom:20px;\"><div class=\"fusion-column-wrapper fusion-flex-column-wrapper-legacy\" style=\"background-position:left top;background-repeat:no-repeat;-webkit-background-size:cover;-moz-background-size:cover;-o-background-size:cover;background-size:cover;padding: 0px 0px 0px 0px;\"><div class=\"fusion-text fusion-text-2\"><p>Viele G\u00e4ste unserer Angebot schon genutzt haben so wie Studenten, Gesch\u00e4ftsreisenden, Senioren und Gruppen von In- und Ausland, Fu\u00dfball-Fans, G\u00e4ste mit Haustieren und zahlreiche andre. Dadurch k\u00f6nnen wir uns an jeden einzeln anpassen.<\/p>\n<p>Unsere Vorteil ist mit sicherheit unserer Lokalisierung. Wir befinden uns in der N\u00e4he von \u0141awica Flughafen. In unsere Ungebung befindet sich Klein W\u00e4ldschien, Einkaufzentrum G.H. King Cross Marzelin, Lech Posen Inea Stadion, Internationale Messe Posen, Arena Sporthale und viele Restaurants.<\/p>\n<\/div><div class=\"fusion-clearfix\"><\/div><\/div><\/div><\/div><\/div><div class=\"fusion-fullwidth fullwidth-box fusion-builder-row-2 nonhundred-percent-fullwidth non-hundred-percent-height-scrolling\" style=\"background-color: #f6f6f6;background-position: left top;background-repeat: no-repeat;padding-top:20px;padding-right:0px;padding-bottom:20px;padding-left:0px;margin-bottom: 0px;margin-top: 0px;border-width: 0px 0px 0px 0px;border-color:#eae9e9;border-style:solid;\" ><div class=\"fusion-builder-row fusion-row\"><div class=\"fusion-layout-column fusion_builder_column fusion-builder-column-3 fusion_builder_column_1_1 1_1 fusion-one-full fusion-column-first fusion-column-last fusion-column-no-min-height\" style=\"margin-top:0px;margin-bottom:0px;\"><div class=\"fusion-column-wrapper fusion-flex-column-wrapper-legacy\" style=\"background-position:left top;background-repeat:no-repeat;-webkit-background-size:cover;-moz-background-size:cover;-o-background-size:cover;background-size:cover;padding: 0px 0px 0px 0px;\"><style type=\"text\/css\"><\/style><div class=\"fusion-title title fusion-title-2 fusion-sep-none fusion-title-text fusion-title-size-two\" style=\"margin-top:0px;margin-bottom:31px;\"><h2 class=\"title-heading-left\" style=\"margin:0;\">Nasze atuty<\/h2><\/div><div class=\"fusion-clearfix\"><\/div><\/div><\/div><div class=\"fusion-layout-column fusion_builder_column fusion-builder-column-4 fusion_builder_column_1_2 1_2 fusion-one-half fusion-column-first\" style=\"width:48%; margin-right: 4%;margin-top:0px;margin-bottom:20px;\"><div class=\"fusion-column-wrapper fusion-flex-column-wrapper-legacy\" style=\"background-position:left top;background-repeat:no-repeat;-webkit-background-size:cover;-moz-background-size:cover;-o-background-size:cover;background-size:cover;padding: 0px 0px 0px 0px;\"><ul class=\"fusion-checklist fusion-checklist-1\" style=\"font-size:13px;line-height:22.1px;\"><li class=\"fusion-li-item\"><span style=\"background-color:#f06523;font-size:11.44px;height:22.1px;width:22.1px;margin-right:9.1px;\" class=\"icon-wrapper circle-yes\"><i class=\"fusion-li-icon fa fa-check\" style=\"color:#ffffff;\" aria-hidden=\"true\"><\/i><\/span><div class=\"fusion-li-item-content\" style=\"margin-left:31.2px;\">Gute Lage, in einer sehr ruhigen Gegend auf der Bajkowym<\/div><\/li><li class=\"fusion-li-item\"><span style=\"background-color:#f06523;font-size:11.44px;height:22.1px;width:22.1px;margin-right:9.1px;\" class=\"icon-wrapper circle-yes\"><i class=\"fusion-li-icon fa fa-check\" style=\"color:#ffffff;\" aria-hidden=\"true\"><\/i><\/span><div class=\"fusion-li-item-content\" style=\"margin-left:31.2px;\">Unsere Zimmer sind f\u00fcr individuelle G\u00e4ste aber auch f\u00fcr Gruppen angepa\u00dft.<\/div><\/li><li class=\"fusion-li-item\"><span style=\"background-color:#f06523;font-size:11.44px;height:22.1px;width:22.1px;margin-right:9.1px;\" class=\"icon-wrapper circle-yes\"><i class=\"fusion-li-icon fa fa-check\" style=\"color:#ffffff;\" aria-hidden=\"true\"><\/i><\/span><div class=\"fusion-li-item-content\" style=\"margin-left:31.2px;\">Hostel bietet WLAN kostenlosen WiFi in den Zimmer\u00a0zur Verf\u00fcgung<\/div><\/li><li class=\"fusion-li-item\"><span style=\"background-color:#f06523;font-size:11.44px;height:22.1px;width:22.1px;margin-right:9.1px;\" class=\"icon-wrapper circle-yes\"><i class=\"fusion-li-icon fa fa-check\" style=\"color:#ffffff;\" aria-hidden=\"true\"><\/i><\/span><div class=\"fusion-li-item-content\" style=\"margin-left:31.2px;\">Voll ausgestattete K\u00fcche mit kostenlosen Kaffee und Tee.<\/div><\/li><li class=\"fusion-li-item\"><span style=\"background-color:#f06523;font-size:11.44px;height:22.1px;width:22.1px;margin-right:9.1px;\" class=\"icon-wrapper circle-yes\"><i class=\"fusion-li-icon fa fa-check\" style=\"color:#ffffff;\" aria-hidden=\"true\"><\/i><\/span><div class=\"fusion-li-item-content\" style=\"margin-left:31.2px;\">Kleidertrockner, B\u00fcgeleisen, Computer stehen Ihnen auch zu Verf\u00fcgung.<\/div><\/li><li class=\"fusion-li-item\"><span style=\"background-color:#f06523;font-size:11.44px;height:22.1px;width:22.1px;margin-right:9.1px;\" class=\"icon-wrapper circle-yes\"><i class=\"fusion-li-icon fa fa-check\" style=\"color:#ffffff;\" aria-hidden=\"true\"><\/i><\/span><div class=\"fusion-li-item-content\" style=\"margin-left:31.2px;\">Kostenlose Parkpl\u00e4tze vor dem Hostel f\u00fcr circa 6 Autos.<\/div><\/li><\/ul><div class=\"fusion-clearfix\"><\/div><\/div><\/div><div class=\"fusion-layout-column fusion_builder_column fusion-builder-column-5 fusion_builder_column_1_2 1_2 fusion-one-half fusion-column-last\" style=\"width:48%;margin-top:0px;margin-bottom:20px;\"><div class=\"fusion-column-wrapper fusion-flex-column-wrapper-legacy\" style=\"background-position:left top;background-repeat:no-repeat;-webkit-background-size:cover;-moz-background-size:cover;-o-background-size:cover;background-size:cover;padding: 0px 0px 0px 0px;\"><ul class=\"fusion-checklist fusion-checklist-2\" style=\"font-size:13px;line-height:22.1px;\"><li class=\"fusion-li-item\"><span style=\"background-color:#f06523;font-size:11.44px;height:22.1px;width:22.1px;margin-right:9.1px;\" class=\"icon-wrapper circle-yes\"><i class=\"fusion-li-icon fa fa-check\" style=\"color:#ffffff;\" aria-hidden=\"true\"><\/i><\/span><div class=\"fusion-li-item-content\" style=\"margin-left:31.2px;\">Computer-Stationen f\u00fcr die G\u00e4ste<\/div><\/li><li class=\"fusion-li-item\"><span style=\"background-color:#f06523;font-size:11.44px;height:22.1px;width:22.1px;margin-right:9.1px;\" class=\"icon-wrapper circle-yes\"><i class=\"fusion-li-icon fa fa-check\" style=\"color:#ffffff;\" aria-hidden=\"true\"><\/i><\/span><div class=\"fusion-li-item-content\" style=\"margin-left:31.2px;\">Gep\u00e4ckaufbewahrung<\/div><\/li><li class=\"fusion-li-item\"><span style=\"background-color:#f06523;font-size:11.44px;height:22.1px;width:22.1px;margin-right:9.1px;\" class=\"icon-wrapper circle-yes\"><i class=\"fusion-li-icon fa fa-check\" style=\"color:#ffffff;\" aria-hidden=\"true\"><\/i><\/span><div class=\"fusion-li-item-content\" style=\"margin-left:31.2px;\">In jeder Zimmer Ohropax inklusiv<\/div><\/li><li class=\"fusion-li-item\"><span style=\"background-color:#f06523;font-size:11.44px;height:22.1px;width:22.1px;margin-right:9.1px;\" class=\"icon-wrapper circle-yes\"><i class=\"fusion-li-icon fa fa-check\" style=\"color:#ffffff;\" aria-hidden=\"true\"><\/i><\/span><div class=\"fusion-li-item-content\" style=\"margin-left:31.2px;\">Grill im Garten hinter dem Hotel<\/div><\/li><li class=\"fusion-li-item\"><span style=\"background-color:#f06523;font-size:11.44px;height:22.1px;width:22.1px;margin-right:9.1px;\" class=\"icon-wrapper circle-yes\"><i class=\"fusion-li-icon fa fa-check\" style=\"color:#ffffff;\" aria-hidden=\"true\"><\/i><\/span><div class=\"fusion-li-item-content\" style=\"margin-left:31.2px;\">Haustiere gern gesehen<\/div><\/li><li class=\"fusion-li-item\"><span style=\"background-color:#f06523;font-size:11.44px;height:22.1px;width:22.1px;margin-right:9.1px;\" class=\"icon-wrapper circle-yes\"><i class=\"fusion-li-icon fa fa-check\" style=\"color:#ffffff;\" aria-hidden=\"true\"><\/i><\/span><div class=\"fusion-li-item-content\" style=\"margin-left:31.2px;\">Zugang zu Kopier<\/div><\/li><\/ul><div class=\"fusion-clearfix\"><\/div><\/div><\/div><\/div><\/div><\/p>\n","protected":false},"excerpt":{"rendered":"","protected":false},"author":1,"featured_media":0,"parent":0,"menu_order":0,"comment_status":"closed","ping_status":"open","template":"100-width.php","meta":[],"yoast_head":"<!-- This site is optimized with the Yoast SEO plugin v15.5 - https:\/\/yoast.com\/wordpress\/plugins\/seo\/ -->\n<title>\u00dcber uns - Hostel Baj<\/title>\n<meta name=\"robots\" content=\"index, follow, max-snippet:-1, max-image-preview:large, max-video-preview:-1\" \/>\n<link rel=\"canonical\" href=\"http:\/\/hostel-baj.pl\/de\/\" \/>\n<meta property=\"og:locale\" content=\"de_DE\" \/>\n<meta property=\"og:type\" content=\"article\" \/>\n<meta property=\"og:title\" content=\"\u00dcber uns - Hostel Baj\" \/>\n<meta property=\"og:url\" content=\"http:\/\/hostel-baj.pl\/de\/\" \/>\n<meta property=\"og:site_name\" content=\"Hostel Baj\" \/>\n<meta property=\"article:publisher\" content=\"https:\/\/www.facebook.com\/noclegpoznan\/\" \/>\n<meta property=\"article:modified_time\" content=\"2017-09-15T10:00:42+00:00\" \/>\n<meta name=\"twitter:card\" content=\"summary\" \/>\n<meta name=\"twitter:label1\" content=\"Gesch\u00e4tzte Lesezeit\">\n\t<meta name=\"twitter:data1\" content=\"4\u00a0Minuten\">\n<script type=\"application\/ld+json\" class=\"yoast-schema-graph\">{\"@context\":\"https:\/\/schema.org\",\"@graph\":[{\"@type\":\"Organization\",\"@id\":\"https:\/\/hostel-baj.pl\/#organization\",\"name\":\"Hostel Baj\",\"url\":\"https:\/\/hostel-baj.pl\/\",\"sameAs\":[\"https:\/\/www.facebook.com\/noclegpoznan\/\"],\"logo\":{\"@type\":\"ImageObject\",\"@id\":\"https:\/\/hostel-baj.pl\/#logo\",\"inLanguage\":\"de\",\"url\":\"https:\/\/hostel-baj.pl\/wp-content\/uploads\/2016\/08\/HostelBaj_logo.png\",\"width\":282,\"height\":80,\"caption\":\"Hostel Baj\"},\"image\":{\"@id\":\"https:\/\/hostel-baj.pl\/#logo\"}},{\"@type\":\"WebSite\",\"@id\":\"https:\/\/hostel-baj.pl\/#website\",\"url\":\"https:\/\/hostel-baj.pl\/\",\"name\":\"Hostel Baj\",\"description\":\"Tani nocleg w Poznaniu\",\"publisher\":{\"@id\":\"https:\/\/hostel-baj.pl\/#organization\"},\"potentialAction\":[{\"@type\":\"SearchAction\",\"target\":\"https:\/\/hostel-baj.pl\/?s={search_term_string}\",\"query-input\":\"required name=search_term_string\"}],\"inLanguage\":\"de\"},{\"@type\":\"WebPage\",\"@id\":\"http:\/\/hostel-baj.pl\/de\/#webpage\",\"url\":\"http:\/\/hostel-baj.pl\/de\/\",\"name\":\"\\u00dcber uns - Hostel Baj\",\"isPartOf\":{\"@id\":\"https:\/\/hostel-baj.pl\/#website\"},\"datePublished\":\"2016-08-27T19:13:00+00:00\",\"dateModified\":\"2017-09-15T10:00:42+00:00\",\"inLanguage\":\"de\",\"potentialAction\":[{\"@type\":\"ReadAction\",\"target\":[\"http:\/\/hostel-baj.pl\/de\/\"]}]}]}<\/script>\n<!-- \/ Yoast SEO plugin. -->","_links":{"self":[{"href":"https:\/\/hostel-baj.pl\/de\/wp-json\/wp\/v2\/pages\/281"}],"collection":[{"href":"https:\/\/hostel-baj.pl\/de\/wp-json\/wp\/v2\/pages"}],"about":[{"href":"https:\/\/hostel-baj.pl\/de\/wp-json\/wp\/v2\/types\/page"}],"author":[{"embeddable":true,"href":"https:\/\/hostel-baj.pl\/de\/wp-json\/wp\/v2\/users\/1"}],"replies":[{"embeddable":true,"href":"https:\/\/hostel-baj.pl\/de\/wp-json\/wp\/v2\/comments?post=281"}],"version-history":[{"count":0,"href":"https:\/\/hostel-baj.pl\/de\/wp-json\/wp\/v2\/pages\/281\/revisions"}],"wp:attachment":[{"href":"https:\/\/hostel-baj.pl\/de\/wp-json\/wp\/v2\/media?parent=281"}],"curies":[{"name":"wp","href":"https:\/\/api.w.org\/{rel}","templated":true}]}}