{"id":282,"date":"2016-08-27T21:15:18","date_gmt":"2016-08-27T19:15:18","guid":{"rendered":"http:\/\/hostel-baj.pl\/promocje-2\/"},"modified":"2018-03-18T19:35:53","modified_gmt":"2018-03-18T18:35:53","slug":"promotions","status":"publish","type":"page","link":"https:\/\/hostel-baj.pl\/de\/promotions\/","title":{"rendered":"Werbeaktionen"},"content":{"rendered":"<p><div class=\"fusion-fullwidth fullwidth-box fusion-builder-row-1 nonhundred-percent-fullwidth non-hundred-percent-height-scrolling\" style=\"background-color: rgba(255,255,255,0);background-position: left top;background-repeat: no-repeat;padding-top:20px;padding-right:0px;padding-bottom:20px;padding-left:0px;margin-bottom: 0px;margin-top: 0px;border-width: 0px 0px 0px 0px;border-color:#eae9e9;border-style:solid;\" id=\"studenci\" ><div class=\"fusion-builder-row fusion-row\"><div class=\"fusion-layout-column fusion_builder_column fusion-builder-column-0 fusion_builder_column_1_6 1_6 fusion-one-sixth fusion-column-first\" style=\"width:13.3333%; margin-right: 4%;margin-top:0px;margin-bottom:20px;\"><div class=\"fusion-column-wrapper fusion-flex-column-wrapper-legacy\" style=\"background-position:left top;background-repeat:no-repeat;-webkit-background-size:cover;-moz-background-size:cover;-o-background-size:cover;background-size:cover;padding: 0px 0px 0px 0px;\"><i style=\"border-color:#333333;border-width:1px;background-color:#333333;height: 128px;width: 128px;line-height: 128px;border-radius:50%;color:#ffffff;font-size: 64px;\" class=\"fa fontawesome-icon fa-graduation-cap circle-yes\"><\/i><div class=\"fusion-clearfix\"><\/div><\/div><\/div><div class=\"fusion-layout-column fusion_builder_column fusion-builder-column-1 fusion_builder_column_5_6 5_6 fusion-five-sixth fusion-column-last\" style=\"width:82.6666%;margin-top:0px;margin-bottom:20px;\"><div class=\"fusion-column-wrapper fusion-flex-column-wrapper-legacy\" style=\"background-position:left top;background-repeat:no-repeat;-webkit-background-size:cover;-moz-background-size:cover;-o-background-size:cover;background-size:cover;padding: 0px 0px 0px 0px;\"><style type=\"text\/css\"><\/style><div class=\"fusion-title title fusion-title-1 fusion-sep-none fusion-title-text fusion-title-size-two\" style=\"margin-top:0px;margin-bottom:31px;\"><h2 class=\"title-heading-left\" style=\"margin:0;\">Studenten<\/h2><\/div><div class=\"fusion-text fusion-text-1\"><p>G\u00fcnstige Unterkunft f\u00fcr Teilzeitstudenten. Wir haben ein besonderes Angebot der Partnerschaft Loyalit\u00e4t vorbereitet. Wenn Sie f\u00fcr uns Ihre Schulplan f\u00fcr Ganzes Jahr organisieren, k\u00f6nnen wir die beste Preisangebot f\u00fcr Studenten machen. Die Preise beginnen ab 27 zloty pro Nacht.<\/p>\n<\/div><div class=\"fusion-clearfix\"><\/div><\/div><\/div><\/div><\/div><div class=\"fusion-fullwidth fullwidth-box fusion-builder-row-2 nonhundred-percent-fullwidth non-hundred-percent-height-scrolling\" style=\"background-color: #f6f6f6;background-position: left top;background-repeat: no-repeat;padding-top:20px;padding-right:0px;padding-bottom:20px;padding-left:0px;margin-bottom: 0px;margin-top: 0px;border-width: 0px 0px 0px 0px;border-color:#eae9e9;border-style:solid;\" id=\"grupy\" ><div class=\"fusion-builder-row fusion-row\"><div class=\"fusion-layout-column fusion_builder_column fusion-builder-column-2 fusion_builder_column_1_6 1_6 fusion-one-sixth fusion-column-first\" style=\"width:13.3333%; margin-right: 4%;margin-top:0px;margin-bottom:20px;\"><div class=\"fusion-column-wrapper fusion-flex-column-wrapper-legacy\" style=\"background-position:left top;background-repeat:no-repeat;-webkit-background-size:cover;-moz-background-size:cover;-o-background-size:cover;background-size:cover;padding: 0px 0px 0px 0px;\"><i style=\"border-color:#333333;border-width:1px;background-color:#333333;height: 128px;width: 128px;line-height: 128px;border-radius:50%;color:#ffffff;font-size: 64px;\" class=\"fa fontawesome-icon fa-users circle-yes\"><\/i><div class=\"fusion-clearfix\"><\/div><\/div><\/div><div class=\"fusion-layout-column fusion_builder_column fusion-builder-column-3 fusion_builder_column_5_6 5_6 fusion-five-sixth fusion-column-last\" style=\"width:82.6666%;margin-top:0px;margin-bottom:20px;\"><div class=\"fusion-column-wrapper fusion-flex-column-wrapper-legacy\" style=\"background-position:left top;background-repeat:no-repeat;-webkit-background-size:cover;-moz-background-size:cover;-o-background-size:cover;background-size:cover;padding: 0px 0px 0px 0px;\"><style type=\"text\/css\"><\/style><div class=\"fusion-title title fusion-title-2 fusion-sep-none fusion-title-text fusion-title-size-two\" style=\"margin-top:0px;margin-bottom:31px;\"><h2 class=\"title-heading-left\" style=\"margin:0;\">Gruppen<\/h2><\/div><div class=\"fusion-text fusion-text-2\"><p><a name=\"_GoBack\"><\/a><\/p>\n<p>Wir laden Gruppen von In- und Ausland zu unsere feine und billige Hostel. Wir k\u00f6nnen perfekt auf Ihre Bed\u00fcrfnisse bei gro\u00dfen Gruppen antworten und die Angebot genau f\u00fcr Si\u0119 anpassen.<\/p>\n<p>Wir haben Schlafs\u00e4le und private Zimmer zur Verf\u00fcgung. In unseren Hostel befindet sich 18 Schlafpl\u00e4tze mit Badezimmer im Erdgeschoss und auf dem Etage. Im Erdgeschoss haben wir voll ausgestattete K\u00fcche mit kostenlose Kaffee und Tee zur Ihre Verf\u00fcgung. Z\u00fcsatzlich ist ein Computer verf\u00fcgbar 24 Stunden am Tag. Zur Verf\u00fcgungder G\u00e4ste bieten wir in Sommer Grill und Gartenm\u00f6bel im Garten. Nach M\u00f6glichkeit helfen wir Ihnen bei Grill vorbereitung. Jedes Zimmer ist ausgestattet mit TV. Im Hostel funktioniert auch drahtlosen High-Speed WiFi Internet, die in jedem Teil des Hotel und Garten erreichbar ist . Mehrere Infos unter\u00a0<strong>505 029 434<\/strong>\u00a0 oder <strong>795 690 601<\/strong><\/p>\n<\/div><div class=\"fusion-clearfix\"><\/div><\/div><\/div><\/div><\/div><div class=\"fusion-fullwidth fullwidth-box fusion-builder-row-3 nonhundred-percent-fullwidth non-hundred-percent-height-scrolling\" style=\"background-color: rgba(255,255,255,0);background-position: left top;background-repeat: no-repeat;padding-top:20px;padding-right:0px;padding-bottom:20px;padding-left:0px;margin-bottom: 0px;margin-top: 0px;border-width: 0px 0px 0px 0px;border-color:#eae9e9;border-style:solid;\" id=\"indywidualni\" ><div class=\"fusion-builder-row fusion-row\"><div class=\"fusion-layout-column fusion_builder_column fusion-builder-column-4 fusion_builder_column_1_6 1_6 fusion-one-sixth fusion-column-first\" style=\"width:13.3333%; margin-right: 4%;margin-top:0px;margin-bottom:20px;\"><div class=\"fusion-column-wrapper fusion-flex-column-wrapper-legacy\" style=\"background-position:left top;background-repeat:no-repeat;-webkit-background-size:cover;-moz-background-size:cover;-o-background-size:cover;background-size:cover;padding: 0px 0px 0px 0px;\"><i style=\"border-color:#333333;border-width:1px;background-color:#333333;height: 128px;width: 128px;line-height: 128px;border-radius:50%;color:#ffffff;font-size: 64px;\" class=\"fa fontawesome-icon fa-star circle-yes\"><\/i><div class=\"fusion-clearfix\"><\/div><\/div><\/div><div class=\"fusion-layout-column fusion_builder_column fusion-builder-column-5 fusion_builder_column_5_6 5_6 fusion-five-sixth fusion-column-last\" style=\"width:82.6666%;margin-top:0px;margin-bottom:20px;\"><div class=\"fusion-column-wrapper fusion-flex-column-wrapper-legacy\" style=\"background-position:left top;background-repeat:no-repeat;-webkit-background-size:cover;-moz-background-size:cover;-o-background-size:cover;background-size:cover;padding: 0px 0px 0px 0px;\"><style type=\"text\/css\"><\/style><div class=\"fusion-title title fusion-title-3 fusion-sep-none fusion-title-text fusion-title-size-two\" style=\"margin-top:0px;margin-bottom:31px;\"><h2 class=\"title-heading-left\" style=\"margin:0;\">Individuelle Kunde<\/h2><\/div><div class=\"fusion-text fusion-text-3\"><p>Individuelle Kunde haben auch M\u00f6glichkeit einen Erm\u00e4\u00dfigung zu bekommen : Drucken Sie \u201eGef\u00e4lt mir\u201d und teilen Si\u0119 unsere Fan-Seite auf dem Facebook und erhalten Sie 5% Rabatt auf ganzen Aufenthalt in Unserem Hotel. Wir laden alle gern ein, die sich bei uns erholen wollen.<\/p>\n<\/div><div class=\"fusion-clearfix\"><\/div><\/div><\/div><\/div><\/div><div class=\"fusion-fullwidth fullwidth-box fusion-builder-row-4 nonhundred-percent-fullwidth non-hundred-percent-height-scrolling\" style=\"background-color: #f6f6f6;background-position: left top;background-repeat: no-repeat;padding-top:20px;padding-right:0px;padding-bottom:20px;padding-left:0px;margin-bottom: 0px;margin-top: 0px;border-width: 0px 0px 0px 0px;border-color:#eae9e9;border-style:solid;\" id=\"niedziela\" ><div class=\"fusion-builder-row fusion-row\"><div class=\"fusion-layout-column fusion_builder_column fusion-builder-column-6 fusion_builder_column_1_6 1_6 fusion-one-sixth fusion-column-first\" style=\"width:13.3333%; margin-right: 4%;margin-top:0px;margin-bottom:20px;\"><div class=\"fusion-column-wrapper fusion-flex-column-wrapper-legacy\" style=\"background-position:left top;background-repeat:no-repeat;-webkit-background-size:cover;-moz-background-size:cover;-o-background-size:cover;background-size:cover;padding: 0px 0px 0px 0px;\"><i style=\"border-color:#333333;border-width:1px;background-color:#333333;height: 128px;width: 128px;line-height: 128px;border-radius:50%;color:#ffffff;font-size: 64px;\" class=\"fa fontawesome-icon fa-calendar circle-yes\"><\/i><div class=\"fusion-clearfix\"><\/div><\/div><\/div><div class=\"fusion-layout-column fusion_builder_column fusion-builder-column-7 fusion_builder_column_5_6 5_6 fusion-five-sixth fusion-column-last\" style=\"width:82.6666%;margin-top:0px;margin-bottom:20px;\"><div class=\"fusion-column-wrapper fusion-flex-column-wrapper-legacy\" style=\"background-position:left top;background-repeat:no-repeat;-webkit-background-size:cover;-moz-background-size:cover;-o-background-size:cover;background-size:cover;padding: 0px 0px 0px 0px;\"><style type=\"text\/css\"><\/style><div class=\"fusion-title title fusion-title-4 fusion-sep-none fusion-title-text fusion-title-size-two\" style=\"margin-top:0px;margin-bottom:31px;\"><h2 class=\"title-heading-left\" style=\"margin:0;\">Angebot g\u00fcnstige Sonntag<\/h2><\/div><div class=\"fusion-text fusion-text-4\"><p>-20% Rabatt f\u00fcr individuelle Kunde.<\/p>\n<\/div><div class=\"fusion-clearfix\"><\/div><\/div><\/div><\/div><\/div><\/p>\n","protected":false},"excerpt":{"rendered":"","protected":false},"author":1,"featured_media":0,"parent":0,"menu_order":0,"comment_status":"closed","ping_status":"closed","template":"100-width.php","meta":[],"yoast_head":"<!-- This site is optimized with the Yoast SEO plugin v15.5 - https:\/\/yoast.com\/wordpress\/plugins\/seo\/ -->\n<title>Werbeaktionen - Hostel Baj<\/title>\n<meta name=\"robots\" content=\"index, follow, max-snippet:-1, max-image-preview:large, max-video-preview:-1\" \/>\n<link rel=\"canonical\" href=\"https:\/\/hostel-baj.pl\/de\/promotions\/\" \/>\n<meta property=\"og:locale\" content=\"de_DE\" \/>\n<meta property=\"og:type\" content=\"article\" \/>\n<meta property=\"og:title\" content=\"Werbeaktionen - Hostel Baj\" \/>\n<meta property=\"og:url\" content=\"https:\/\/hostel-baj.pl\/de\/promotions\/\" \/>\n<meta property=\"og:site_name\" content=\"Hostel Baj\" \/>\n<meta property=\"article:publisher\" content=\"https:\/\/www.facebook.com\/noclegpoznan\/\" \/>\n<meta property=\"article:modified_time\" content=\"2018-03-18T18:35:53+00:00\" \/>\n<meta name=\"twitter:card\" content=\"summary\" \/>\n<meta name=\"twitter:label1\" content=\"Gesch\u00e4tzte Lesezeit\">\n\t<meta name=\"twitter:data1\" content=\"5\u00a0Minuten\">\n<script type=\"application\/ld+json\" class=\"yoast-schema-graph\">{\"@context\":\"https:\/\/schema.org\",\"@graph\":[{\"@type\":\"Organization\",\"@id\":\"https:\/\/hostel-baj.pl\/#organization\",\"name\":\"Hostel Baj\",\"url\":\"https:\/\/hostel-baj.pl\/\",\"sameAs\":[\"https:\/\/www.facebook.com\/noclegpoznan\/\"],\"logo\":{\"@type\":\"ImageObject\",\"@id\":\"https:\/\/hostel-baj.pl\/#logo\",\"inLanguage\":\"de\",\"url\":\"https:\/\/hostel-baj.pl\/wp-content\/uploads\/2016\/08\/HostelBaj_logo.png\",\"width\":282,\"height\":80,\"caption\":\"Hostel Baj\"},\"image\":{\"@id\":\"https:\/\/hostel-baj.pl\/#logo\"}},{\"@type\":\"WebSite\",\"@id\":\"https:\/\/hostel-baj.pl\/#website\",\"url\":\"https:\/\/hostel-baj.pl\/\",\"name\":\"Hostel Baj\",\"description\":\"Tani nocleg w Poznaniu\",\"publisher\":{\"@id\":\"https:\/\/hostel-baj.pl\/#organization\"},\"potentialAction\":[{\"@type\":\"SearchAction\",\"target\":\"https:\/\/hostel-baj.pl\/?s={search_term_string}\",\"query-input\":\"required name=search_term_string\"}],\"inLanguage\":\"de\"},{\"@type\":\"WebPage\",\"@id\":\"https:\/\/hostel-baj.pl\/de\/promotions\/#webpage\",\"url\":\"https:\/\/hostel-baj.pl\/de\/promotions\/\",\"name\":\"Werbeaktionen - Hostel Baj\",\"isPartOf\":{\"@id\":\"https:\/\/hostel-baj.pl\/#website\"},\"datePublished\":\"2016-08-27T19:15:18+00:00\",\"dateModified\":\"2018-03-18T18:35:53+00:00\",\"inLanguage\":\"de\",\"potentialAction\":[{\"@type\":\"ReadAction\",\"target\":[\"https:\/\/hostel-baj.pl\/de\/promotions\/\"]}]}]}<\/script>\n<!-- \/ Yoast SEO plugin. -->","_links":{"self":[{"href":"https:\/\/hostel-baj.pl\/de\/wp-json\/wp\/v2\/pages\/282"}],"collection":[{"href":"https:\/\/hostel-baj.pl\/de\/wp-json\/wp\/v2\/pages"}],"about":[{"href":"https:\/\/hostel-baj.pl\/de\/wp-json\/wp\/v2\/types\/page"}],"author":[{"embeddable":true,"href":"https:\/\/hostel-baj.pl\/de\/wp-json\/wp\/v2\/users\/1"}],"replies":[{"embeddable":true,"href":"https:\/\/hostel-baj.pl\/de\/wp-json\/wp\/v2\/comments?post=282"}],"version-history":[{"count":0,"href":"https:\/\/hostel-baj.pl\/de\/wp-json\/wp\/v2\/pages\/282\/revisions"}],"wp:attachment":[{"href":"https:\/\/hostel-baj.pl\/de\/wp-json\/wp\/v2\/media?parent=282"}],"curies":[{"name":"wp","href":"https:\/\/api.w.org\/{rel}","templated":true}]}}