{"id":247,"date":"2016-08-27T21:13:00","date_gmt":"2016-08-27T19:13:00","guid":{"rendered":"http:\/\/hostel-baj.pl\/przykladowa-strona-2\/"},"modified":"2017-09-15T12:00:41","modified_gmt":"2017-09-15T10:00:41","slug":"przykladowa-strona","status":"publish","type":"page","link":"https:\/\/hostel-baj.pl\/en\/","title":{"rendered":"About us"},"content":{"rendered":"<p><div class=\"fusion-fullwidth fullwidth-box fusion-builder-row-1 nonhundred-percent-fullwidth non-hundred-percent-height-scrolling\" style=\"background-color: rgba(255,255,255,0);background-position: left top;background-repeat: no-repeat;padding-top:20px;padding-right:0px;padding-bottom:20px;padding-left:0px;margin-bottom: 0px;margin-top: 0px;border-width: 0px 0px 0px 0px;border-color:#eae9e9;border-style:solid;\" ><div class=\"fusion-builder-row fusion-row\"><div class=\"fusion-layout-column fusion_builder_column fusion-builder-column-0 fusion_builder_column_1_1 1_1 fusion-one-full fusion-column-first fusion-column-last fusion-column-no-min-height\" style=\"margin-top:0px;margin-bottom:0px;\"><div class=\"fusion-column-wrapper fusion-flex-column-wrapper-legacy\" style=\"background-position:left top;background-repeat:no-repeat;-webkit-background-size:cover;-moz-background-size:cover;-o-background-size:cover;background-size:cover;padding: 0px 0px 0px 0px;\"><style type=\"text\/css\"><\/style><div class=\"fusion-title title fusion-title-1 fusion-sep-none fusion-title-text fusion-title-size-two\" style=\"margin-top:0px;margin-bottom:31px;\"><h2 class=\"title-heading-left\" style=\"margin:0;\"><span lang=\"en-US\">Good and cheap hostel in Pozna\u0144<\/span><\/h2><\/div><div class=\"fusion-clearfix\"><\/div><\/div><\/div><div class=\"fusion-layout-column fusion_builder_column fusion-builder-column-1 fusion_builder_column_1_2 1_2 fusion-one-half fusion-column-first\" style=\"width:48%; margin-right: 4%;margin-top:0px;margin-bottom:20px;\"><div class=\"fusion-column-wrapper fusion-flex-column-wrapper-legacy\" style=\"background-position:left top;background-repeat:no-repeat;-webkit-background-size:cover;-moz-background-size:cover;-o-background-size:cover;background-size:cover;padding: 0px 0px 0px 0px;\"><div class=\"fusion-text fusion-text-1\"><p><span lang=\"en-US\">BAJ Hostel is located in the Bajkowe housing estate between the \u0141awica airport and the Inea Lech Pozna\u0144 stadium. Our facility offers 18 bed places at your disposal. We have private single and double rooms as well as bigger 3,4,5 and 6 person rooms with the possibility of booking a single bed in order for the offer to be affordable.<\/span><\/p>\n<p><span lang=\"en-US\">Thanks to our diversified offer we are able to meet our guests\u2019 needs from business guests, families with children, students, seniors to organized groups from within the country and from abroad. Understanding the needs of our guests helps us create a place that makes them feel at home.<\/span><\/p>\n<\/div><div class=\"fusion-clearfix\"><\/div><\/div><\/div><div class=\"fusion-layout-column fusion_builder_column fusion-builder-column-2 fusion_builder_column_1_2 1_2 fusion-one-half fusion-column-last\" style=\"width:48%;margin-top:0px;margin-bottom:20px;\"><div class=\"fusion-column-wrapper fusion-flex-column-wrapper-legacy\" style=\"background-position:left top;background-repeat:no-repeat;-webkit-background-size:cover;-moz-background-size:cover;-o-background-size:cover;background-size:cover;padding: 0px 0px 0px 0px;\"><div class=\"fusion-text fusion-text-2\"><p><span lang=\"en-US\">Our Hostel have chosen many guests such as students, business guests, organized groups from within the country and from abroad, families with children, tourists, sports fans, people travelling with pets and many more. Thanks to that we can meet the needs of each and every one of our guests.<\/span><\/p>\n<p><span lang=\"en-US\">One of our assets is the location. The Hostel is situated near the \u0141awica airport. Nearby there are Marcelin forest, King Cross Marcelin shopping mall, Inea Lech Pozna\u0144 stadium, Pozna\u0144 International Fair, Arena sports hall and many restaurants.<\/span><\/p>\n<\/div><div class=\"fusion-clearfix\"><\/div><\/div><\/div><\/div><\/div><div class=\"fusion-fullwidth fullwidth-box fusion-builder-row-2 nonhundred-percent-fullwidth non-hundred-percent-height-scrolling\" style=\"background-color: #f6f6f6;background-position: left top;background-repeat: no-repeat;padding-top:20px;padding-right:0px;padding-bottom:20px;padding-left:0px;margin-bottom: 0px;margin-top: 0px;border-width: 0px 0px 0px 0px;border-color:#eae9e9;border-style:solid;\" ><div class=\"fusion-builder-row fusion-row\"><div class=\"fusion-layout-column fusion_builder_column fusion-builder-column-3 fusion_builder_column_1_1 1_1 fusion-one-full fusion-column-first fusion-column-last fusion-column-no-min-height\" style=\"margin-top:0px;margin-bottom:0px;\"><div class=\"fusion-column-wrapper fusion-flex-column-wrapper-legacy\" style=\"background-position:left top;background-repeat:no-repeat;-webkit-background-size:cover;-moz-background-size:cover;-o-background-size:cover;background-size:cover;padding: 0px 0px 0px 0px;\"><style type=\"text\/css\"><\/style><div class=\"fusion-title title fusion-title-2 fusion-sep-none fusion-title-text fusion-title-size-two\" style=\"margin-top:0px;margin-bottom:31px;\"><h2 class=\"title-heading-left\" style=\"margin:0;\"><span lang=\"en-US\">Our assets<\/span><\/h2><\/div><div class=\"fusion-clearfix\"><\/div><\/div><\/div><div class=\"fusion-layout-column fusion_builder_column fusion-builder-column-4 fusion_builder_column_1_2 1_2 fusion-one-half fusion-column-first\" style=\"width:48%; margin-right: 4%;margin-top:0px;margin-bottom:20px;\"><div class=\"fusion-column-wrapper fusion-flex-column-wrapper-legacy\" style=\"background-position:left top;background-repeat:no-repeat;-webkit-background-size:cover;-moz-background-size:cover;-o-background-size:cover;background-size:cover;padding: 0px 0px 0px 0px;\"><ul class=\"fusion-checklist fusion-checklist-1\" style=\"font-size:13px;line-height:22.1px;\"><li class=\"fusion-li-item\"><span style=\"background-color:#f06523;font-size:11.44px;height:22.1px;width:22.1px;margin-right:9.1px;\" class=\"icon-wrapper circle-yes\"><i class=\"fusion-li-icon fa fa-check\" style=\"color:#ffffff;\" aria-hidden=\"true\"><\/i><\/span><div class=\"fusion-li-item-content\" style=\"margin-left:31.2px;\"><span lang=\"en-US\">Very good location in a quiet Bajkowe housing estate <\/span><\/div><\/li><li class=\"fusion-li-item\"><span style=\"background-color:#f06523;font-size:11.44px;height:22.1px;width:22.1px;margin-right:9.1px;\" class=\"icon-wrapper circle-yes\"><i class=\"fusion-li-icon fa fa-check\" style=\"color:#ffffff;\" aria-hidden=\"true\"><\/i><\/span><div class=\"fusion-li-item-content\" style=\"margin-left:31.2px;\">R<span lang=\"en-US\">ooms adjusted to single as well as to groups of guests<\/span><\/div><\/li><li class=\"fusion-li-item\"><span style=\"background-color:#f06523;font-size:11.44px;height:22.1px;width:22.1px;margin-right:9.1px;\" class=\"icon-wrapper circle-yes\"><i class=\"fusion-li-icon fa fa-check\" style=\"color:#ffffff;\" aria-hidden=\"true\"><\/i><\/span><div class=\"fusion-li-item-content\" style=\"margin-left:31.2px;\"><span lang=\"en-US\">Free and wireless WiFi available in the rooms<\/span><\/div><\/li><li class=\"fusion-li-item\"><span style=\"background-color:#f06523;font-size:11.44px;height:22.1px;width:22.1px;margin-right:9.1px;\" class=\"icon-wrapper circle-yes\"><i class=\"fusion-li-icon fa fa-check\" style=\"color:#ffffff;\" aria-hidden=\"true\"><\/i><\/span><div class=\"fusion-li-item-content\" style=\"margin-left:31.2px;\"><span lang=\"en-US\">Fully equipped kitchen with homemade coffee and tea <\/span><\/div><\/li><li class=\"fusion-li-item\"><span style=\"background-color:#f06523;font-size:11.44px;height:22.1px;width:22.1px;margin-right:9.1px;\" class=\"icon-wrapper circle-yes\"><i class=\"fusion-li-icon fa fa-check\" style=\"color:#ffffff;\" aria-hidden=\"true\"><\/i><\/span><div class=\"fusion-li-item-content\" style=\"margin-left:31.2px;\"><span lang=\"en-US\">Dryer, iron etc. included in the price<\/span><\/div><\/li><li class=\"fusion-li-item\"><span style=\"background-color:#f06523;font-size:11.44px;height:22.1px;width:22.1px;margin-right:9.1px;\" class=\"icon-wrapper circle-yes\"><i class=\"fusion-li-icon fa fa-check\" style=\"color:#ffffff;\" aria-hidden=\"true\"><\/i><\/span><div class=\"fusion-li-item-content\" style=\"margin-left:31.2px;\"><span lang=\"en-US\">Free parking spots for 6 cars in front of the hostel <\/span><\/div><\/li><\/ul><div class=\"fusion-clearfix\"><\/div><\/div><\/div><div class=\"fusion-layout-column fusion_builder_column fusion-builder-column-5 fusion_builder_column_1_2 1_2 fusion-one-half fusion-column-last\" style=\"width:48%;margin-top:0px;margin-bottom:20px;\"><div class=\"fusion-column-wrapper fusion-flex-column-wrapper-legacy\" style=\"background-position:left top;background-repeat:no-repeat;-webkit-background-size:cover;-moz-background-size:cover;-o-background-size:cover;background-size:cover;padding: 0px 0px 0px 0px;\"><ul class=\"fusion-checklist fusion-checklist-2\" style=\"font-size:13px;line-height:22.1px;\"><li class=\"fusion-li-item\"><span style=\"background-color:#f06523;font-size:11.44px;height:22.1px;width:22.1px;margin-right:9.1px;\" class=\"icon-wrapper circle-yes\"><i class=\"fusion-li-icon fa fa-check\" style=\"color:#ffffff;\" aria-hidden=\"true\"><\/i><\/span><div class=\"fusion-li-item-content\" style=\"margin-left:31.2px;\"><span lang=\"en-US\">PC\u2019s at the guests\u2019 disposal<\/span><\/div><\/li><li class=\"fusion-li-item\"><span style=\"background-color:#f06523;font-size:11.44px;height:22.1px;width:22.1px;margin-right:9.1px;\" class=\"icon-wrapper circle-yes\"><i class=\"fusion-li-icon fa fa-check\" style=\"color:#ffffff;\" aria-hidden=\"true\"><\/i><\/span><div class=\"fusion-li-item-content\" style=\"margin-left:31.2px;\"><span lang=\"en-US\">Luggage room<\/span><\/div><\/li><li class=\"fusion-li-item\"><span style=\"background-color:#f06523;font-size:11.44px;height:22.1px;width:22.1px;margin-right:9.1px;\" class=\"icon-wrapper circle-yes\"><i class=\"fusion-li-icon fa fa-check\" style=\"color:#ffffff;\" aria-hidden=\"true\"><\/i><\/span><div class=\"fusion-li-item-content\" style=\"margin-left:31.2px;\"><span lang=\"en-US\">Earplugs included in the price of the room<\/span><\/div><\/li><li class=\"fusion-li-item\"><span style=\"background-color:#f06523;font-size:11.44px;height:22.1px;width:22.1px;margin-right:9.1px;\" class=\"icon-wrapper circle-yes\"><i class=\"fusion-li-icon fa fa-check\" style=\"color:#ffffff;\" aria-hidden=\"true\"><\/i><\/span><div class=\"fusion-li-item-content\" style=\"margin-left:31.2px;\"><span lang=\"en-US\">Barbecue in the garden at the back of the hostel<\/span><\/div><\/li><li class=\"fusion-li-item\"><span style=\"background-color:#f06523;font-size:11.44px;height:22.1px;width:22.1px;margin-right:9.1px;\" class=\"icon-wrapper circle-yes\"><i class=\"fusion-li-icon fa fa-check\" style=\"color:#ffffff;\" aria-hidden=\"true\"><\/i><\/span><div class=\"fusion-li-item-content\" style=\"margin-left:31.2px;\"><span lang=\"en-US\">You can take your pet with you<\/span><\/div><\/li><li class=\"fusion-li-item\"><span style=\"background-color:#f06523;font-size:11.44px;height:22.1px;width:22.1px;margin-right:9.1px;\" class=\"icon-wrapper circle-yes\"><i class=\"fusion-li-icon fa fa-check\" style=\"color:#ffffff;\" aria-hidden=\"true\"><\/i><\/span><div class=\"fusion-li-item-content\" style=\"margin-left:31.2px;\"><span lang=\"en-US\">Access to Xerox machine<\/span><\/div><\/li><\/ul><div class=\"fusion-clearfix\"><\/div><\/div><\/div><\/div><\/div><\/p>\n","protected":false},"excerpt":{"rendered":"","protected":false},"author":1,"featured_media":0,"parent":0,"menu_order":0,"comment_status":"closed","ping_status":"open","template":"100-width.php","meta":[],"yoast_head":"<!-- This site is optimized with the Yoast SEO plugin v15.5 - https:\/\/yoast.com\/wordpress\/plugins\/seo\/ -->\n<title>About us - Hostel Baj<\/title>\n<meta name=\"robots\" content=\"index, follow, max-snippet:-1, max-image-preview:large, max-video-preview:-1\" \/>\n<link rel=\"canonical\" href=\"http:\/\/hostel-baj.pl\/en\/\" \/>\n<meta property=\"og:locale\" content=\"en_US\" \/>\n<meta property=\"og:type\" content=\"article\" \/>\n<meta property=\"og:title\" content=\"About us - Hostel Baj\" \/>\n<meta property=\"og:url\" content=\"http:\/\/hostel-baj.pl\/en\/\" \/>\n<meta property=\"og:site_name\" content=\"Hostel Baj\" \/>\n<meta property=\"article:publisher\" content=\"https:\/\/www.facebook.com\/noclegpoznan\/\" \/>\n<meta property=\"article:modified_time\" content=\"2017-09-15T10:00:41+00:00\" \/>\n<meta name=\"twitter:card\" content=\"summary\" \/>\n<meta name=\"twitter:label1\" content=\"Est. reading time\">\n\t<meta name=\"twitter:data1\" content=\"4 minutes\">\n<script type=\"application\/ld+json\" class=\"yoast-schema-graph\">{\"@context\":\"https:\/\/schema.org\",\"@graph\":[{\"@type\":\"Organization\",\"@id\":\"https:\/\/hostel-baj.pl\/#organization\",\"name\":\"Hostel Baj\",\"url\":\"https:\/\/hostel-baj.pl\/\",\"sameAs\":[\"https:\/\/www.facebook.com\/noclegpoznan\/\"],\"logo\":{\"@type\":\"ImageObject\",\"@id\":\"https:\/\/hostel-baj.pl\/#logo\",\"inLanguage\":\"en-US\",\"url\":\"https:\/\/hostel-baj.pl\/wp-content\/uploads\/2016\/08\/HostelBaj_logo.png\",\"width\":282,\"height\":80,\"caption\":\"Hostel Baj\"},\"image\":{\"@id\":\"https:\/\/hostel-baj.pl\/#logo\"}},{\"@type\":\"WebSite\",\"@id\":\"https:\/\/hostel-baj.pl\/#website\",\"url\":\"https:\/\/hostel-baj.pl\/\",\"name\":\"Hostel Baj\",\"description\":\"Tani nocleg w Poznaniu\",\"publisher\":{\"@id\":\"https:\/\/hostel-baj.pl\/#organization\"},\"potentialAction\":[{\"@type\":\"SearchAction\",\"target\":\"https:\/\/hostel-baj.pl\/?s={search_term_string}\",\"query-input\":\"required name=search_term_string\"}],\"inLanguage\":\"en-US\"},{\"@type\":\"WebPage\",\"@id\":\"http:\/\/hostel-baj.pl\/en\/#webpage\",\"url\":\"http:\/\/hostel-baj.pl\/en\/\",\"name\":\"About us - Hostel Baj\",\"isPartOf\":{\"@id\":\"https:\/\/hostel-baj.pl\/#website\"},\"datePublished\":\"2016-08-27T19:13:00+00:00\",\"dateModified\":\"2017-09-15T10:00:41+00:00\",\"inLanguage\":\"en-US\",\"potentialAction\":[{\"@type\":\"ReadAction\",\"target\":[\"http:\/\/hostel-baj.pl\/en\/\"]}]}]}<\/script>\n<!-- \/ Yoast SEO plugin. -->","_links":{"self":[{"href":"https:\/\/hostel-baj.pl\/en\/wp-json\/wp\/v2\/pages\/247"}],"collection":[{"href":"https:\/\/hostel-baj.pl\/en\/wp-json\/wp\/v2\/pages"}],"about":[{"href":"https:\/\/hostel-baj.pl\/en\/wp-json\/wp\/v2\/types\/page"}],"author":[{"embeddable":true,"href":"https:\/\/hostel-baj.pl\/en\/wp-json\/wp\/v2\/users\/1"}],"replies":[{"embeddable":true,"href":"https:\/\/hostel-baj.pl\/en\/wp-json\/wp\/v2\/comments?post=247"}],"version-history":[{"count":0,"href":"https:\/\/hostel-baj.pl\/en\/wp-json\/wp\/v2\/pages\/247\/revisions"}],"wp:attachment":[{"href":"https:\/\/hostel-baj.pl\/en\/wp-json\/wp\/v2\/media?parent=247"}],"curies":[{"name":"wp","href":"https:\/\/api.w.org\/{rel}","templated":true}]}}