{"id":251,"date":"2016-08-27T21:15:03","date_gmt":"2016-08-27T19:15:03","guid":{"rendered":"http:\/\/hostel-baj.pl\/lokalizacja-2\/"},"modified":"2017-09-15T12:00:37","modified_gmt":"2017-09-15T10:00:37","slug":"lokalizacja","status":"publish","type":"page","link":"https:\/\/hostel-baj.pl\/en\/lokalizacja\/","title":{"rendered":"Location"},"content":{"rendered":"<p><div class=\"fusion-fullwidth fullwidth-box fusion-builder-row-1 hundred-percent-fullwidth non-hundred-percent-height-scrolling\" style=\"background-color: rgba(255,255,255,0);background-position: center center;background-repeat: no-repeat;padding-top:0px;padding-right:0px;padding-bottom:0px;padding-left:0px;margin-bottom: 0px;margin-top: 0px;border-width: 0px 0px 0px 0px;border-color:#eae9e9;border-style:solid;\" ><div class=\"fusion-builder-row fusion-row\"><div class=\"fusion-layout-column fusion_builder_column fusion-builder-column-0 fusion_builder_column_1_1 1_1 fusion-one-full fusion-column-first fusion-column-last\" style=\"margin-top:0px;margin-bottom:20px;\"><div class=\"fusion-column-wrapper fusion-flex-column-wrapper-legacy\" style=\"background-position:left top;background-repeat:no-repeat;-webkit-background-size:cover;-moz-background-size:cover;-o-background-size:cover;background-size:cover;padding: 0px 0px 0px 0px;\"><style type=\"text\/css\"><\/style><div class=\"fusion-title title fusion-title-1 fusion-sep-none fusion-title-text fusion-title-size-two\" style=\"margin-top:24px;margin-bottom:16px;\"><h2 class=\"title-heading-left\" style=\"margin:0;\"><span lang=\"en-US\">What\u2019s nearby?<\/span><\/h2><\/div><div class=\"fusion-text fusion-text-1\"><p><span lang=\"en-US\">The newly opened BAJ Hostel Pozna\u0144 offering accommodation services is situated in a convenient location. We are placed in the housing estate Bajkowe near the biggest green areas around the estate. There is an easy access to public transport \u2013 two bus lines shuttling very often. We are situated near Pozna\u0144 universities. The city stadium Lech Pozna\u0144 is also nearby which may be advantageous. We are also located not so far away from the Pozna\u0144 International Fair. There is also the sports Hall Arena where many different sporting events and concerts are held. On the racing track Pozna\u0144 one can observe drifting tournaments. All this one can find nearby our hostel. In the neighborhood you can find also a supermarket, guarded parking lot where you can park your car when going on a trip. Pharmacy, post office, florists, bakery and shopping mall King Cross Marcel- all this right around the corner.<\/span><\/p>\n<\/div><div class=\"fusion-sep-clear\"><\/div><div class=\"fusion-separator fusion-has-icon fusion-full-width-sep\" style=\"margin-left: auto;margin-right: auto;margin-top:30px;margin-bottom:30px;width:100%;\"><div class=\"fusion-separator-border sep-single sep-solid\" style=\"border-color:#e0dede;border-top-width:1px;\"><\/div><span class=\"icon-wrapper\" style=\"border-color:#e0dede;background-color:rgba(255,255,255,0);font-size:14px;width: 1.75em; height: 1.75em;border-width:1px;padding:1px;margin-top:-0.5px\"><i class=\" fa fa-map-marker\" style=\"font-size: inherit;color:#e0dede;\" aria-hidden=\"true\"><\/i><\/span><div class=\"fusion-separator-border sep-single sep-solid\" style=\"border-color:#e0dede;border-top-width:1px;\"><\/div><\/div><div class=\"fusion-sep-clear\"><\/div><div class=\"fusion-clearfix\"><\/div><\/div><\/div><\/div><style type=\"text\/css\">.fusion-fullwidth.fusion-builder-row-1 { overflow:visible; }<\/style><\/div><div class=\"fusion-fullwidth fullwidth-box fusion-builder-row-2 nonhundred-percent-fullwidth non-hundred-percent-height-scrolling\" style=\"background-color: rgba(255,255,255,0);background-position: left top;background-repeat: no-repeat;padding-top:20px;padding-right:0px;padding-bottom:20px;padding-left:0px;margin-bottom: 0px;margin-top: 0px;border-width: 0px 0px 0px 0px;border-color:#eae9e9;border-style:solid;\" ><div class=\"fusion-builder-row fusion-row\"><div class=\"fusion-layout-column fusion_builder_column fusion-builder-column-1 fusion_builder_column_1_2 1_2 fusion-one-half fusion-column-first\" style=\"width:48%; margin-right: 4%;margin-top:0px;margin-bottom:20px;\"><div class=\"fusion-column-wrapper fusion-flex-column-wrapper-legacy\" style=\"background-position:left top;background-repeat:no-repeat;-webkit-background-size:cover;-moz-background-size:cover;-o-background-size:cover;background-size:cover;padding: 0px 0px 0px 0px;\">\t\t\t\t\t<script type=\"text\/javascript\">\n\t\t\t\t\t\tvar map_fusion_map_6a0576e981bbe;\n\t\t\t\t\t\tvar markers = [];\n\t\t\t\t\t\tvar counter = 0;\n\t\t\t\t\t\t\t\t\t\t\t\t\t\t\t\t\t\t\t\tvar fusionMapNonce = '44f407f2a4';\n\t\t\t\t\t\t\t\t\t\t\t\tfunction fusion_run_map_fusion_map_6a0576e981bbe() {\n\t\t\t\t\t\t\tjQuery('#fusion_map_6a0576e981bbe').fusion_maps({\n\t\t\t\t\t\t\t\taddresses: [{\"address\":\"Wieczorynki 63, 60-193 Pozna\\u0144, Polska\",\"infobox_content\":\"Wieczorynki 63, 60-193 Pozna\\u0144, Polska\",\"coordinates\":false,\"cache\":true,\"latitude\":\"52.408858\",\"longitude\":\"16.840964499999927\"}],\n\t\t\t\t\t\t\t\tanimations: true,\n\t\t\t\t\t\t\t\tinfobox_background_color: '',\n\t\t\t\t\t\t\t\tinfobox_styling: 'default',\n\t\t\t\t\t\t\t\tinfobox_text_color: '',\n\t\t\t\t\t\t\t\tmap_style: 'default',\n\t\t\t\t\t\t\t\tmap_type: 'roadmap',\n\t\t\t\t\t\t\t\tmarker_icon: '',\n\t\t\t\t\t\t\t\toverlay_color: '',\n\t\t\t\t\t\t\t\toverlay_color_hsl: {\"hue\":0,\"sat\":0,\"lum\":100},\n\t\t\t\t\t\t\t\tpan_control: true,\n\t\t\t\t\t\t\t\tshow_address: true,\n\t\t\t\t\t\t\t\tscale_control: true,\n\t\t\t\t\t\t\t\tscrollwheel: false,\n\t\t\t\t\t\t\t\tzoom: 14,\n\t\t\t\t\t\t\t\tzoom_control: true,\n\t\t\t\t\t\t\t});\n\t\t\t\t\t\t}\n\n\t\t\t\t\t\tgoogle.maps.event.addDomListener(window, 'load', fusion_run_map_fusion_map_6a0576e981bbe);\n\t\t\t\t\t<\/script>\n\t\t\t\t\t<div class=\"shortcode-map fusion-google-map fusion-maps-js-type\" id=\"fusion_map_6a0576e981bbe\" style=\"height:300px;width:100%;\"><\/div><div class=\"fusion-clearfix\"><\/div><\/div><\/div><div class=\"fusion-layout-column fusion_builder_column fusion-builder-column-2 fusion_builder_column_1_2 1_2 fusion-one-half fusion-column-last\" style=\"width:48%;margin-top:0px;margin-bottom:20px;\"><div class=\"fusion-column-wrapper fusion-flex-column-wrapper-legacy\" style=\"background-position:left top;background-repeat:no-repeat;-webkit-background-size:cover;-moz-background-size:cover;-o-background-size:cover;background-size:cover;padding: 0px 0px 0px 0px;\"><ul class=\"fusion-checklist fusion-checklist-1\" style=\"font-size:13px;line-height:22.1px;\"><li class=\"fusion-li-item\"><span style=\"background-color:#f06523;font-size:11.44px;height:22.1px;width:22.1px;margin-right:9.1px;\" class=\"icon-wrapper circle-yes\"><i class=\"fusion-li-icon fa fa-map-marker\" style=\"color:#ffffff;\" aria-hidden=\"true\"><\/i><\/span><div class=\"fusion-li-item-content\" style=\"margin-left:31.2px;\"><strong>\u0141awica Airport<\/strong>\u00a0\u2013 1.2 km, 15 min on foot , 3 min\u00a0by car<\/div><\/li><li class=\"fusion-li-item\"><span style=\"background-color:#f06523;font-size:11.44px;height:22.1px;width:22.1px;margin-right:9.1px;\" class=\"icon-wrapper circle-yes\"><i class=\"fusion-li-icon fa fa-map-marker\" style=\"color:#ffffff;\" aria-hidden=\"true\"><\/i><\/span><div class=\"fusion-li-item-content\" style=\"margin-left:31.2px;\"><strong><span lang=\"en-US\">Train station<\/span><\/strong> \u2013 5.7 km,\u00a0 15-20 min by bus,\u00a0 15 min\u00a0by car<\/div><\/li><li class=\"fusion-li-item\"><span style=\"background-color:#f06523;font-size:11.44px;height:22.1px;width:22.1px;margin-right:9.1px;\" class=\"icon-wrapper circle-yes\"><i class=\"fusion-li-icon fa fa-map-marker\" style=\"color:#ffffff;\" aria-hidden=\"true\"><\/i><\/span><div class=\"fusion-li-item-content\" style=\"margin-left:31.2px;\"><span lang=\"en-US\"><strong>Old Town<\/strong>\u00a0\u2013 6 km, 25 min by bus, 20 min by car<\/span><\/div><\/li><li class=\"fusion-li-item\"><span style=\"background-color:#f06523;font-size:11.44px;height:22.1px;width:22.1px;margin-right:9.1px;\" class=\"icon-wrapper circle-yes\"><i class=\"fusion-li-icon fa fa-map-marker\" style=\"color:#ffffff;\" aria-hidden=\"true\"><\/i><\/span><div class=\"fusion-li-item-content\" style=\"margin-left:31.2px;\"><strong>INEA Stadion<\/strong> \u2013<span lang=\"en-US\">2.3 km, 25 min on foot, 5 min by car<\/span><\/div><\/li><li class=\"fusion-li-item\"><span style=\"background-color:#f06523;font-size:11.44px;height:22.1px;width:22.1px;margin-right:9.1px;\" class=\"icon-wrapper circle-yes\"><i class=\"fusion-li-icon fa fa-map-marker\" style=\"color:#ffffff;\" aria-hidden=\"true\"><\/i><\/span><div class=\"fusion-li-item-content\" style=\"margin-left:31.2px;\"><span lang=\"en-US\"><strong>Arena sports hall<\/strong> \u2013 4.3 km, 15 min by car<\/span><\/div><\/li><li class=\"fusion-li-item\"><span style=\"background-color:#f06523;font-size:11.44px;height:22.1px;width:22.1px;margin-right:9.1px;\" class=\"icon-wrapper circle-yes\"><i class=\"fusion-li-icon fa fa-map-marker\" style=\"color:#ffffff;\" aria-hidden=\"true\"><\/i><\/span><div class=\"fusion-li-item-content\" style=\"margin-left:31.2px;\"><span lang=\"en-US\"><strong>Marcelin forest<\/strong> \u2013 350 m, 3 min on foot<\/span><\/div><\/li><li class=\"fusion-li-item\"><span style=\"background-color:#f06523;font-size:11.44px;height:22.1px;width:22.1px;margin-right:9.1px;\" class=\"icon-wrapper circle-yes\"><i class=\"fusion-li-icon fa fa-map-marker\" style=\"color:#ffffff;\" aria-hidden=\"true\"><\/i><\/span><div class=\"fusion-li-item-content\" style=\"margin-left:31.2px;\"><span lang=\"en-US\"><strong>King Cross Marcelin shopping mall<\/strong> \u2013 1.7 km, 20 min on foot, 3 min by car<\/span><\/div><\/li><li class=\"fusion-li-item\"><span style=\"background-color:#f06523;font-size:11.44px;height:22.1px;width:22.1px;margin-right:9.1px;\" class=\"icon-wrapper circle-yes\"><i class=\"fusion-li-icon fa fa-map-marker\" style=\"color:#ffffff;\" aria-hidden=\"true\"><\/i><\/span><div class=\"fusion-li-item-content\" style=\"margin-left:31.2px;\"><span lang=\"en-US\"><strong>Pozna\u0144 race track<\/strong> \u2013 4.7 km, 10 min by car<\/span><\/div><\/li><li class=\"fusion-li-item\"><span style=\"background-color:#f06523;font-size:11.44px;height:22.1px;width:22.1px;margin-right:9.1px;\" class=\"icon-wrapper circle-yes\"><i class=\"fusion-li-icon fa fa-map-marker\" style=\"color:#ffffff;\" aria-hidden=\"true\"><\/i><\/span><div class=\"fusion-li-item-content\" style=\"margin-left:31.2px;\"><span lang=\"en-US\"><strong>Eskulap Club<\/strong>\u00a0\u2013 3.6 km, 8 min by car<\/span><\/div><\/li><li class=\"fusion-li-item\"><span style=\"background-color:#f06523;font-size:11.44px;height:22.1px;width:22.1px;margin-right:9.1px;\" class=\"icon-wrapper circle-yes\"><i class=\"fusion-li-icon fa fa-map-marker\" style=\"color:#ffffff;\" aria-hidden=\"true\"><\/i><\/span><div class=\"fusion-li-item-content\" style=\"margin-left:31.2px;\"><strong>World Trade Center &#8211; Pozna\u0144<\/strong>&#8211; 5,7 km \u00a012 min by car , 17 min by bus<\/div><\/li><\/ul><div class=\"fusion-clearfix\"><\/div><\/div><\/div><\/div><\/div><div class=\"fusion-fullwidth fullwidth-box fusion-builder-row-3 hundred-percent-fullwidth non-hundred-percent-height-scrolling\" style=\"background-color: rgba(255,255,255,0);background-position: center center;background-repeat: no-repeat;padding-top:0px;padding-right:0px;padding-bottom:0px;padding-left:0px;margin-bottom: 30px;margin-top: 30px;border-width: 0px 0px 0px 0px;border-color:#eae9e9;border-style:solid;\" ><div class=\"fusion-builder-row fusion-row\"><div class=\"fusion-layout-column fusion_builder_column fusion-builder-column-3 fusion_builder_column_1_1 1_1 fusion-one-full fusion-column-first fusion-column-last fusion-column-no-min-height\" style=\"margin-top:0px;margin-bottom:0px;\"><div class=\"fusion-column-wrapper fusion-flex-column-wrapper-legacy\" style=\"background-position:left top;background-repeat:no-repeat;-webkit-background-size:cover;-moz-background-size:cover;-o-background-size:cover;background-size:cover;padding: 0px 0px 0px 0px;\"><div class=\"fusion-sep-clear\"><\/div><div class=\"fusion-separator fusion-has-icon fusion-full-width-sep\" style=\"margin-left: auto;margin-right: auto;width:100%;\"><div class=\"fusion-separator-border sep-single sep-solid\" style=\"border-color:#e0dede;border-top-width:1px;\"><\/div><span class=\"icon-wrapper\" style=\"border-color:#e0dede;background-color:rgba(255,255,255,0);font-size:14px;width: 1.75em; height: 1.75em;border-width:1px;padding:1px;margin-top:-0.5px\"><i class=\" fa fa-map-marker\" style=\"font-size: inherit;color:#e0dede;\" aria-hidden=\"true\"><\/i><\/span><div class=\"fusion-separator-border sep-single sep-solid\" style=\"border-color:#e0dede;border-top-width:1px;\"><\/div><\/div><div class=\"fusion-sep-clear\"><\/div><div class=\"fusion-clearfix\"><\/div><\/div><\/div><\/div><style type=\"text\/css\">.fusion-fullwidth.fusion-builder-row-3 { overflow:visible; }<\/style><\/div><div class=\"fusion-fullwidth fullwidth-box fusion-builder-row-4 nonhundred-percent-fullwidth non-hundred-percent-height-scrolling\" style=\"background-color: rgba(255,255,255,0);background-position: left top;background-repeat: no-repeat;padding-top:20px;padding-right:0px;padding-bottom:20px;padding-left:0px;margin-bottom: 0px;margin-top: 0px;border-width: 0px 0px 0px 0px;border-color:#eae9e9;border-style:solid;\" ><div class=\"fusion-builder-row fusion-row\"><div class=\"fusion-layout-column fusion_builder_column fusion-builder-column-4 fusion_builder_column_1_2 1_2 fusion-one-half fusion-column-first\" style=\"width:48%; margin-right: 4%;margin-top:0px;margin-bottom:20px;\"><div class=\"fusion-column-wrapper fusion-flex-column-wrapper-legacy\" style=\"background-position:left top;background-repeat:no-repeat;-webkit-background-size:cover;-moz-background-size:cover;-o-background-size:cover;background-size:cover;padding: 0px 0px 0px 0px;\"><style type=\"text\/css\"><\/style><div class=\"fusion-title title fusion-title-2 fusion-sep-none fusion-title-text fusion-title-size-two\" style=\"margin-top:24px;margin-bottom:16px;\"><h2 class=\"title-heading-left\" style=\"margin:0;\"><span lang=\"en-US\">How to get to us from the Pozna\u0144 train station?<\/span><\/h2><\/div><div class=\"fusion-text fusion-text-2\"><p><span lang=\"en-US\">From the train station you can get to us by walking to the Kaponiera traffic circle around 900 meters and then by bus line either 77 or 48 about 15-20 min. You have to get off at the Wieczorynki bus stop- it\u2019s only 50 meters away from the Hostel. <\/span><\/p>\n<\/div><div class=\"fusion-clearfix\"><\/div><\/div><\/div><div class=\"fusion-layout-column fusion_builder_column fusion-builder-column-5 fusion_builder_column_1_2 1_2 fusion-one-half fusion-column-last\" style=\"width:48%;margin-top:0px;margin-bottom:20px;\"><div class=\"fusion-column-wrapper fusion-flex-column-wrapper-legacy\" style=\"background-position:left top;background-repeat:no-repeat;-webkit-background-size:cover;-moz-background-size:cover;-o-background-size:cover;background-size:cover;padding: 0px 0px 0px 0px;\"><style type=\"text\/css\"><\/style><div class=\"fusion-title title fusion-title-3 fusion-sep-none fusion-title-text fusion-title-size-two\" style=\"margin-top:24px;margin-bottom:16px;\"><h2 class=\"title-heading-left\" style=\"margin:0;\"><span lang=\"en-US\">Hot to get to us from the \u0141awica airport?<\/span><\/h2><\/div><div class=\"fusion-text fusion-text-3\"><p><span lang=\"en-US\">You can arrive at the Hostel by taking the bus line 48 and getting off at the Wieczorynki bus stop- the ride takes about 5 min, or by taxi- about 3 min. The cost of the taxi shouldn\u2019t be higher than 8 z\u0142oty.<\/span><\/p>\n<\/div><div class=\"fusion-clearfix\"><\/div><\/div><\/div><\/div><\/div><\/p>\n","protected":false},"excerpt":{"rendered":"","protected":false},"author":1,"featured_media":0,"parent":0,"menu_order":0,"comment_status":"closed","ping_status":"closed","template":"","meta":[],"yoast_head":"<!-- This site is optimized with the Yoast SEO plugin v15.5 - https:\/\/yoast.com\/wordpress\/plugins\/seo\/ -->\n<title>Location - Hostel Baj<\/title>\n<meta name=\"robots\" content=\"index, follow, max-snippet:-1, max-image-preview:large, max-video-preview:-1\" \/>\n<link rel=\"canonical\" href=\"https:\/\/hostel-baj.pl\/en\/lokalizacja\/\" \/>\n<meta property=\"og:locale\" content=\"en_US\" \/>\n<meta property=\"og:type\" content=\"article\" \/>\n<meta property=\"og:title\" content=\"Location - Hostel Baj\" \/>\n<meta property=\"og:url\" content=\"https:\/\/hostel-baj.pl\/en\/lokalizacja\/\" \/>\n<meta property=\"og:site_name\" content=\"Hostel Baj\" \/>\n<meta property=\"article:publisher\" content=\"https:\/\/www.facebook.com\/noclegpoznan\/\" \/>\n<meta property=\"article:modified_time\" content=\"2017-09-15T10:00:37+00:00\" \/>\n<meta name=\"twitter:card\" content=\"summary\" \/>\n<meta name=\"twitter:label1\" content=\"Est. reading time\">\n\t<meta name=\"twitter:data1\" content=\"5 minutes\">\n<script type=\"application\/ld+json\" class=\"yoast-schema-graph\">{\"@context\":\"https:\/\/schema.org\",\"@graph\":[{\"@type\":\"Organization\",\"@id\":\"https:\/\/hostel-baj.pl\/#organization\",\"name\":\"Hostel Baj\",\"url\":\"https:\/\/hostel-baj.pl\/\",\"sameAs\":[\"https:\/\/www.facebook.com\/noclegpoznan\/\"],\"logo\":{\"@type\":\"ImageObject\",\"@id\":\"https:\/\/hostel-baj.pl\/#logo\",\"inLanguage\":\"en-US\",\"url\":\"https:\/\/hostel-baj.pl\/wp-content\/uploads\/2016\/08\/HostelBaj_logo.png\",\"width\":282,\"height\":80,\"caption\":\"Hostel Baj\"},\"image\":{\"@id\":\"https:\/\/hostel-baj.pl\/#logo\"}},{\"@type\":\"WebSite\",\"@id\":\"https:\/\/hostel-baj.pl\/#website\",\"url\":\"https:\/\/hostel-baj.pl\/\",\"name\":\"Hostel Baj\",\"description\":\"Tani nocleg w Poznaniu\",\"publisher\":{\"@id\":\"https:\/\/hostel-baj.pl\/#organization\"},\"potentialAction\":[{\"@type\":\"SearchAction\",\"target\":\"https:\/\/hostel-baj.pl\/?s={search_term_string}\",\"query-input\":\"required name=search_term_string\"}],\"inLanguage\":\"en-US\"},{\"@type\":\"WebPage\",\"@id\":\"https:\/\/hostel-baj.pl\/en\/lokalizacja\/#webpage\",\"url\":\"https:\/\/hostel-baj.pl\/en\/lokalizacja\/\",\"name\":\"Location - Hostel Baj\",\"isPartOf\":{\"@id\":\"https:\/\/hostel-baj.pl\/#website\"},\"datePublished\":\"2016-08-27T19:15:03+00:00\",\"dateModified\":\"2017-09-15T10:00:37+00:00\",\"inLanguage\":\"en-US\",\"potentialAction\":[{\"@type\":\"ReadAction\",\"target\":[\"https:\/\/hostel-baj.pl\/en\/lokalizacja\/\"]}]}]}<\/script>\n<!-- \/ Yoast SEO plugin. -->","_links":{"self":[{"href":"https:\/\/hostel-baj.pl\/en\/wp-json\/wp\/v2\/pages\/251"}],"collection":[{"href":"https:\/\/hostel-baj.pl\/en\/wp-json\/wp\/v2\/pages"}],"about":[{"href":"https:\/\/hostel-baj.pl\/en\/wp-json\/wp\/v2\/types\/page"}],"author":[{"embeddable":true,"href":"https:\/\/hostel-baj.pl\/en\/wp-json\/wp\/v2\/users\/1"}],"replies":[{"embeddable":true,"href":"https:\/\/hostel-baj.pl\/en\/wp-json\/wp\/v2\/comments?post=251"}],"version-history":[{"count":0,"href":"https:\/\/hostel-baj.pl\/en\/wp-json\/wp\/v2\/pages\/251\/revisions"}],"wp:attachment":[{"href":"https:\/\/hostel-baj.pl\/en\/wp-json\/wp\/v2\/media?parent=251"}],"curies":[{"name":"wp","href":"https:\/\/api.w.org\/{rel}","templated":true}]}}